{"id":1344,"date":"2025-04-08T18:56:33","date_gmt":"2025-04-08T16:56:33","guid":{"rendered":"https:\/\/rosto.pronio.sk\/?page_id=1344"},"modified":"2026-04-14T13:02:10","modified_gmt":"2026-04-14T11:02:10","slug":"rezervacia","status":"publish","type":"page","link":"https:\/\/www.rosto.sk\/en\/rezervacia\/","title":{"rendered":"Reservation"},"content":{"rendered":"<div data-elementor-type=\"wp-page\" data-elementor-id=\"1344\" class=\"elementor elementor-1344\" data-elementor-post-type=\"page\">\n\t\t\t\t<div data-particle_enable=\"false\" data-particle-mobile-disabled=\"false\" class=\"elementor-element elementor-element-4326fa6 e-flex e-con-boxed e-con e-parent\" data-id=\"4326fa6\" data-element_type=\"container\">\n\t\t\t\t\t<div class=\"e-con-inner\">\n\t\t<div data-particle_enable=\"false\" data-particle-mobile-disabled=\"false\" class=\"elementor-element elementor-element-b9452d1 e-con-full e-flex e-con e-child\" data-id=\"b9452d1\" data-element_type=\"container\">\n\t\t\t\t<div class=\"elementor-element elementor-element-6cd3054 elementor-widget elementor-widget-image\" data-id=\"6cd3054\" data-element_type=\"widget\" data-widget_type=\"image.default\">\n\t\t\t\t<div class=\"elementor-widget-container\">\n\t\t\t\t\t\t\t\t\t\t\t\t\t\t\t<img decoding=\"async\" width=\"62\" height=\"110\" src=\"https:\/\/www.rosto.sk\/wp-content\/uploads\/2025\/03\/symbol-1.svg\" class=\"attachment-large size-large wp-image-191\" alt=\"\" \/>\t\t\t\t\t\t\t\t\t\t\t\t\t\t\t<\/div>\n\t\t\t\t<\/div>\n\t\t\t\t<div class=\"elementor-element elementor-element-44f6852 elementor-widget elementor-widget-heading\" data-id=\"44f6852\" data-element_type=\"widget\" data-widget_type=\"heading.default\">\n\t\t\t\t<div class=\"elementor-widget-container\">\n\t\t\t\t\t<h2 class=\"elementor-heading-title elementor-size-default\">Vyberte si term\u00edn<\/h2>\t\t\t\t<\/div>\n\t\t\t\t<\/div>\n\t\t\t\t<div class=\"elementor-element elementor-element-08d284a elementor-widget elementor-widget-image\" data-id=\"08d284a\" data-element_type=\"widget\" data-widget_type=\"image.default\">\n\t\t\t\t<div class=\"elementor-widget-container\">\n\t\t\t\t\t\t\t\t\t\t\t\t\t\t\t<img decoding=\"async\" width=\"62\" height=\"110\" src=\"https:\/\/www.rosto.sk\/wp-content\/uploads\/2025\/03\/symbol-2.svg\" class=\"attachment-large size-large wp-image-192\" alt=\"\" \/>\t\t\t\t\t\t\t\t\t\t\t\t\t\t\t<\/div>\n\t\t\t\t<\/div>\n\t\t\t\t<\/div>\n\t\t\t\t<div class=\"elementor-element elementor-element-b29bd71 elementor-widget__width-initial elementor-widget elementor-widget-html\" data-id=\"b29bd71\" data-element_type=\"widget\" data-widget_type=\"html.default\">\n\t\t\t\t<div class=\"elementor-widget-container\">\n\t\t\t\t\t<div id=\"hors-hydra-1421bf2d-af73-4ab3-a2a0-e4bd01ed83d8\"><\/div><script>\n   var\n_hors=[['eid','hydra-1421bf2d-af73-4ab3-a2a0-e4bd01ed83d8'],['tagid','hors-hydra-1421bf2d-af73-4ab3-a2a0-e4bd01ed83d8'],['width','100%'],['height',''],['foregroundColor',''],['backgroundColor',''],['linkColor',''],['errorColor',''],['primaryButtonForegroundColor',''],['primaryButtonBackgroundColor',''],['secondaryButtonForegroundColor',''],['secondaryButtonBackgroundColor','']];\n   (function(d, t) { var\ne=d.createElement(t),s=d.getElementsByTagName(t)[0];    e.src =\n\"https:\/\/reservation.dish.co\/widget.js\";\ns.parentNode.insertBefore(e,s);    }(document, 'script'));<\/script>\n\n<!--<iframe id=\"bookio-iframe\" src=\"https:\/\/www.bookiopro.com\/rosto-steak-house\/rs-widget?lang=sk&amp;c1=79d9c3&amp;c2=fbf5f0&amp;c3=453a3a\" width=\"100%\" height=\"740px\" onload=\"initBookioWidget()\" scrolling=\"no\"><\/iframe>-->\t\t\t\t<\/div>\n\t\t\t\t<\/div>\n\t\t\t\t<div class=\"elementor-element elementor-element-599a6d3 elementor-widget__width-initial elementor-widget elementor-widget-text-editor\" data-id=\"599a6d3\" data-element_type=\"widget\" data-widget_type=\"text-editor.default\">\n\t\t\t\t<div class=\"elementor-widget-container\">\n\t\t\t\t\t\t\t\t\t<p>Mil\u00ed hostia,<\/p><p>Obedov\u00e9 menu je pod\u00e1vane od Pondelka do Piatku, v \u010dase 11:00 \u2013 15:00.<\/p><p>Rovnako od Pondelka do Piatku viete v \u010dase od 15:00 do 17:00 vyu\u017ei\u0165 n\u00e1\u0161 Happy Hour vo v\u00fd\u0161ke 20% na v\u00e4\u010d\u0161inu jed\u00e1l z na\u0161ej ponuky.<\/p><p>Te\u0161\u00edme sa na Va\u0161u n\u00e1v\u0161tevu.<\/p>\t\t\t\t\t\t\t\t<\/div>\n\t\t\t\t<\/div>\n\t\t\t\t\t<\/div>\n\t\t\t\t<\/div>\n\t\t<div data-particle_enable=\"false\" data-particle-mobile-disabled=\"false\" class=\"elementor-element elementor-element-5cdbb13 e-flex e-con-boxed e-con e-parent\" data-id=\"5cdbb13\" data-element_type=\"container\" data-settings=\"{&quot;background_background&quot;:&quot;classic&quot;}\">\n\t\t\t\t\t<div class=\"e-con-inner\">\n\t\t\t\t\t<\/div>\n\t\t\t\t<\/div>\n\t\t\t\t<\/div>","protected":false},"excerpt":{"rendered":"<p>Vyberte si term\u00edn Mil\u00ed hostia, Obedov\u00e9 menu je pod\u00e1vane od Pondelka do Piatku, v \u010dase 11:00 \u2013 15:00. Rovnako od Pondelka do Piatku viete v \u010dase od 15:00 do 17:00 vyu\u017ei\u0165 n\u00e1\u0161 Happy Hour vo v\u00fd\u0161ke 20% na v\u00e4\u010d\u0161inu jed\u00e1l z na\u0161ej ponuky. Te\u0161\u00edme sa na Va\u0161u n\u00e1v\u0161tevu.<\/p>","protected":false},"author":1,"featured_media":0,"parent":0,"menu_order":0,"comment_status":"closed","ping_status":"closed","template":"","meta":{"footnotes":""},"class_list":["post-1344","page","type-page","status-publish","hentry"],"blocksy_meta":[],"yoast_head":"<!-- This site is optimized with the Yoast SEO Premium plugin v24.7 (Yoast SEO v25.3) - https:\/\/yoast.com\/wordpress\/plugins\/seo\/ -->\n<title>Rezerv\u00e1cia - Rosto<\/title>\n<meta name=\"robots\" content=\"index, follow, max-snippet:-1, max-image-preview:large, max-video-preview:-1\" \/>\n<link rel=\"canonical\" href=\"https:\/\/www.rosto.sk\/en\/rezervacia\/\" \/>\n<meta property=\"og:locale\" content=\"en_GB\" \/>\n<meta property=\"og:type\" content=\"article\" \/>\n<meta property=\"og:title\" content=\"Rezerv\u00e1cia\" \/>\n<meta property=\"og:description\" content=\"Vyberte si term\u00edn Mil\u00ed hostia, Obedov\u00e9 menu je pod\u00e1vane od Pondelka do Piatku, v \u010dase 11:00 \u2013 15:00. Rovnako od Pondelka do Piatku viete v \u010dase od 15:00 do 17:00 vyu\u017ei\u0165 n\u00e1\u0161 Happy Hour vo v\u00fd\u0161ke 20% na v\u00e4\u010d\u0161inu jed\u00e1l z na\u0161ej ponuky. Te\u0161\u00edme sa na Va\u0161u n\u00e1v\u0161tevu.\" \/>\n<meta property=\"og:url\" content=\"https:\/\/www.rosto.sk\/en\/rezervacia\/\" \/>\n<meta property=\"og:site_name\" content=\"Rosto\" \/>\n<meta property=\"article:modified_time\" content=\"2026-04-14T11:02:10+00:00\" \/>\n<meta name=\"twitter:card\" content=\"summary_large_image\" \/>\n<meta name=\"twitter:label1\" content=\"Estimated reading time\" \/>\n\t<meta name=\"twitter:data1\" content=\"1 minute\" \/>\n<script type=\"application\/ld+json\" class=\"yoast-schema-graph\">{\"@context\":\"https:\/\/schema.org\",\"@graph\":[{\"@type\":\"WebPage\",\"@id\":\"https:\/\/www.rosto.sk\/rezervacia\/\",\"url\":\"https:\/\/www.rosto.sk\/rezervacia\/\",\"name\":\"Rezerv\u00e1cia - Rosto\",\"isPartOf\":{\"@id\":\"https:\/\/www.rosto.sk\/#website\"},\"primaryImageOfPage\":{\"@id\":\"https:\/\/www.rosto.sk\/rezervacia\/#primaryimage\"},\"image\":{\"@id\":\"https:\/\/www.rosto.sk\/rezervacia\/#primaryimage\"},\"thumbnailUrl\":\"https:\/\/www.rosto.sk\/wp-content\/uploads\/2025\/03\/symbol-1.svg\",\"datePublished\":\"2025-04-08T16:56:33+00:00\",\"dateModified\":\"2026-04-14T11:02:10+00:00\",\"breadcrumb\":{\"@id\":\"https:\/\/www.rosto.sk\/rezervacia\/#breadcrumb\"},\"inLanguage\":\"en-GB\",\"potentialAction\":[{\"@type\":\"ReadAction\",\"target\":[\"https:\/\/www.rosto.sk\/rezervacia\/\"]}]},{\"@type\":\"ImageObject\",\"inLanguage\":\"en-GB\",\"@id\":\"https:\/\/www.rosto.sk\/rezervacia\/#primaryimage\",\"url\":\"https:\/\/www.rosto.sk\/wp-content\/uploads\/2025\/03\/symbol-1.svg\",\"contentUrl\":\"https:\/\/www.rosto.sk\/wp-content\/uploads\/2025\/03\/symbol-1.svg\"},{\"@type\":\"BreadcrumbList\",\"@id\":\"https:\/\/www.rosto.sk\/rezervacia\/#breadcrumb\",\"itemListElement\":[{\"@type\":\"ListItem\",\"position\":1,\"name\":\"Home\",\"item\":\"https:\/\/www.rosto.sk\/\"},{\"@type\":\"ListItem\",\"position\":2,\"name\":\"Rezerv\u00e1cia\"}]},{\"@type\":\"WebSite\",\"@id\":\"https:\/\/www.rosto.sk\/#website\",\"url\":\"https:\/\/www.rosto.sk\/\",\"name\":\"Rosto\",\"description\":\"\",\"potentialAction\":[{\"@type\":\"SearchAction\",\"target\":{\"@type\":\"EntryPoint\",\"urlTemplate\":\"https:\/\/www.rosto.sk\/?s={search_term_string}\"},\"query-input\":{\"@type\":\"PropertyValueSpecification\",\"valueRequired\":true,\"valueName\":\"search_term_string\"}}],\"inLanguage\":\"en-GB\"}]}<\/script>\n<!-- \/ Yoast SEO Premium plugin. -->","yoast_head_json":{"title":"Rezerv\u00e1cia - Rosto","robots":{"index":"index","follow":"follow","max-snippet":"max-snippet:-1","max-image-preview":"max-image-preview:large","max-video-preview":"max-video-preview:-1"},"canonical":"https:\/\/www.rosto.sk\/en\/rezervacia\/","og_locale":"en_GB","og_type":"article","og_title":"Rezerv\u00e1cia","og_description":"Vyberte si term\u00edn Mil\u00ed hostia, Obedov\u00e9 menu je pod\u00e1vane od Pondelka do Piatku, v \u010dase 11:00 \u2013 15:00. Rovnako od Pondelka do Piatku viete v \u010dase od 15:00 do 17:00 vyu\u017ei\u0165 n\u00e1\u0161 Happy Hour vo v\u00fd\u0161ke 20% na v\u00e4\u010d\u0161inu jed\u00e1l z na\u0161ej ponuky. Te\u0161\u00edme sa na Va\u0161u n\u00e1v\u0161tevu.","og_url":"https:\/\/www.rosto.sk\/en\/rezervacia\/","og_site_name":"Rosto","article_modified_time":"2026-04-14T11:02:10+00:00","twitter_card":"summary_large_image","twitter_misc":{"Estimated reading time":"1 minute"},"schema":{"@context":"https:\/\/schema.org","@graph":[{"@type":"WebPage","@id":"https:\/\/www.rosto.sk\/rezervacia\/","url":"https:\/\/www.rosto.sk\/rezervacia\/","name":"Rezerv\u00e1cia - Rosto","isPartOf":{"@id":"https:\/\/www.rosto.sk\/#website"},"primaryImageOfPage":{"@id":"https:\/\/www.rosto.sk\/rezervacia\/#primaryimage"},"image":{"@id":"https:\/\/www.rosto.sk\/rezervacia\/#primaryimage"},"thumbnailUrl":"https:\/\/www.rosto.sk\/wp-content\/uploads\/2025\/03\/symbol-1.svg","datePublished":"2025-04-08T16:56:33+00:00","dateModified":"2026-04-14T11:02:10+00:00","breadcrumb":{"@id":"https:\/\/www.rosto.sk\/rezervacia\/#breadcrumb"},"inLanguage":"en-GB","potentialAction":[{"@type":"ReadAction","target":["https:\/\/www.rosto.sk\/rezervacia\/"]}]},{"@type":"ImageObject","inLanguage":"en-GB","@id":"https:\/\/www.rosto.sk\/rezervacia\/#primaryimage","url":"https:\/\/www.rosto.sk\/wp-content\/uploads\/2025\/03\/symbol-1.svg","contentUrl":"https:\/\/www.rosto.sk\/wp-content\/uploads\/2025\/03\/symbol-1.svg"},{"@type":"BreadcrumbList","@id":"https:\/\/www.rosto.sk\/rezervacia\/#breadcrumb","itemListElement":[{"@type":"ListItem","position":1,"name":"Home","item":"https:\/\/www.rosto.sk\/"},{"@type":"ListItem","position":2,"name":"Rezerv\u00e1cia"}]},{"@type":"WebSite","@id":"https:\/\/www.rosto.sk\/#website","url":"https:\/\/www.rosto.sk\/","name":"Rosto","description":"","potentialAction":[{"@type":"SearchAction","target":{"@type":"EntryPoint","urlTemplate":"https:\/\/www.rosto.sk\/?s={search_term_string}"},"query-input":{"@type":"PropertyValueSpecification","valueRequired":true,"valueName":"search_term_string"}}],"inLanguage":"en-GB"}]}},"_links":{"self":[{"href":"https:\/\/www.rosto.sk\/en\/wp-json\/wp\/v2\/pages\/1344","targetHints":{"allow":["GET"]}}],"collection":[{"href":"https:\/\/www.rosto.sk\/en\/wp-json\/wp\/v2\/pages"}],"about":[{"href":"https:\/\/www.rosto.sk\/en\/wp-json\/wp\/v2\/types\/page"}],"author":[{"embeddable":true,"href":"https:\/\/www.rosto.sk\/en\/wp-json\/wp\/v2\/users\/1"}],"replies":[{"embeddable":true,"href":"https:\/\/www.rosto.sk\/en\/wp-json\/wp\/v2\/comments?post=1344"}],"version-history":[{"count":32,"href":"https:\/\/www.rosto.sk\/en\/wp-json\/wp\/v2\/pages\/1344\/revisions"}],"predecessor-version":[{"id":2794,"href":"https:\/\/www.rosto.sk\/en\/wp-json\/wp\/v2\/pages\/1344\/revisions\/2794"}],"wp:attachment":[{"href":"https:\/\/www.rosto.sk\/en\/wp-json\/wp\/v2\/media?parent=1344"}],"curies":[{"name":"wp","href":"https:\/\/api.w.org\/{rel}","templated":true}]}}