{"id":308,"date":"2025-03-31T10:54:06","date_gmt":"2025-03-31T08:54:06","guid":{"rendered":"https:\/\/rosto.pronio.sk\/?page_id=308"},"modified":"2025-04-02T10:44:34","modified_gmt":"2025-04-02T08:44:34","slug":"a-la-carte","status":"publish","type":"page","link":"https:\/\/www.rosto.sk\/en\/a-la-carte\/","title":{"rendered":"A la carte"},"content":{"rendered":"<div data-elementor-type=\"wp-page\" data-elementor-id=\"308\" class=\"elementor elementor-308\" data-elementor-post-type=\"page\">\n\t\t\t\t<div data-particle_enable=\"false\" data-particle-mobile-disabled=\"false\" class=\"elementor-element elementor-element-ad13af7 e-flex e-con-boxed e-con e-parent\" data-id=\"ad13af7\" data-element_type=\"container\">\n\t\t\t\t\t<div class=\"e-con-inner\">\n\t\t<div data-particle_enable=\"false\" data-particle-mobile-disabled=\"false\" class=\"elementor-element elementor-element-24a7d85 e-con-full e-flex e-con e-child\" data-id=\"24a7d85\" data-element_type=\"container\">\n\t\t\t\t<div class=\"elementor-element elementor-element-b63a0a7 elementor-widget-mobile__width-initial elementor-widget elementor-widget-image\" data-id=\"b63a0a7\" data-element_type=\"widget\" data-widget_type=\"image.default\">\n\t\t\t\t<div class=\"elementor-widget-container\">\n\t\t\t\t\t\t\t\t\t\t\t\t\t\t\t<img decoding=\"async\" width=\"62\" height=\"110\" src=\"https:\/\/www.rosto.sk\/wp-content\/uploads\/2025\/03\/symbol-1.svg\" class=\"attachment-large size-large wp-image-191\" alt=\"\" \/>\t\t\t\t\t\t\t\t\t\t\t\t\t\t\t<\/div>\n\t\t\t\t<\/div>\n\t\t\t\t<div class=\"elementor-element elementor-element-d986629 elementor-widget elementor-widget-heading\" data-id=\"d986629\" data-element_type=\"widget\" data-widget_type=\"heading.default\">\n\t\t\t\t<div class=\"elementor-widget-container\">\n\t\t\t\t\t<h2 class=\"elementor-heading-title elementor-size-default\">A la carte<\/h2>\t\t\t\t<\/div>\n\t\t\t\t<\/div>\n\t\t\t\t<div class=\"elementor-element elementor-element-c11b135 elementor-widget-mobile__width-initial elementor-widget elementor-widget-image\" data-id=\"c11b135\" data-element_type=\"widget\" data-widget_type=\"image.default\">\n\t\t\t\t<div class=\"elementor-widget-container\">\n\t\t\t\t\t\t\t\t\t\t\t\t\t\t\t<img decoding=\"async\" width=\"62\" height=\"110\" src=\"https:\/\/www.rosto.sk\/wp-content\/uploads\/2025\/03\/symbol-2.svg\" class=\"attachment-large size-large wp-image-192\" alt=\"\" \/>\t\t\t\t\t\t\t\t\t\t\t\t\t\t\t<\/div>\n\t\t\t\t<\/div>\n\t\t\t\t<\/div>\n\t\t<div data-particle_enable=\"false\" data-particle-mobile-disabled=\"false\" class=\"elementor-element elementor-element-8208c73 e-con-full e-flex e-con e-child\" data-id=\"8208c73\" data-element_type=\"container\">\n\t\t\t\t<div class=\"elementor-element elementor-element-9d28ebb elementor-widget elementor-widget-text-editor\" data-id=\"9d28ebb\" data-element_type=\"widget\" data-widget_type=\"text-editor.default\">\n\t\t\t\t<div class=\"elementor-widget-container\">\n\t\t\t\t\t\t\t\t\t<p>Take a look at the varied selection of dishes on our menu. Taste traditional and exotic dishes. Choose from a wide variety of steaks, grilled delicacies and international specialties. Our menu can also cater to the pickiest of gourmets with a selection of salads as well as vegetarian dishes.<\/p>\t\t\t\t\t\t\t\t<\/div>\n\t\t\t\t<\/div>\n\t\t\t\t<\/div>\n\t\t\t\t\t<\/div>\n\t\t\t\t<\/div>\n\t\t<div data-particle_enable=\"false\" data-particle-mobile-disabled=\"false\" class=\"elementor-element elementor-element-26eba68 e-flex e-con-boxed e-con e-parent\" data-id=\"26eba68\" data-element_type=\"container\">\n\t\t\t\t\t<div class=\"e-con-inner\">\n\t\t<div data-particle_enable=\"false\" data-particle-mobile-disabled=\"false\" class=\"elementor-element elementor-element-636a371 e-con-full e-flex e-con e-child\" data-id=\"636a371\" data-element_type=\"container\">\n\t\t\t\t<div class=\"elementor-element elementor-element-2a60f81 elementor-widget elementor-widget-shortcode\" data-id=\"2a60f81\" data-element_type=\"widget\" data-widget_type=\"shortcode.default\">\n\t\t\t\t<div class=\"elementor-widget-container\">\n\t\t\t\t\t\t\t<div class=\"elementor-shortcode\"><div class=\"_df_book df-container df-loading\" id=\"df_876\"  data-title=\"a-la-carte\" _slug=\"a-la-carte\" wpoptions=\"true\" thumbtype=\"bg\" ><\/div><script class=\"df-shortcode-script\" type=\"application\/javascript\">window.option_df_876 = {\"outline\":[],\"forceFit\":\"true\",\"autoEnableOutline\":\"false\",\"autoEnableThumbnail\":\"false\",\"overwritePDFOutline\":\"false\",\"direction\":\"1\",\"pageSize\":\"0\",\"source\":\"https:\\\/\\\/www.rosto.sk\\\/wp-content\\\/uploads\\\/2025\\\/04\\\/2025_ROSTO_MENU_oprava-compressed-1.pdf\",\"wpOptions\":\"true\"}; if(window.DFLIP && window.DFLIP.parseBooks){window.DFLIP.parseBooks();}<\/script><\/div>\n\t\t\t\t\t\t<\/div>\n\t\t\t\t<\/div>\n\t\t\t\t<\/div>\n\t\t\t\t\t<\/div>\n\t\t\t\t<\/div>\n\t\t\t\t<\/div>","protected":false},"excerpt":{"rendered":"<p>A la carte Nazrite do pestr\u00e9ho v\u00fdberu jed\u00e1l v na\u0161om jed\u00e1lnom l\u00edstku. Ochutnajte tradi\u010dn\u00e9 i exotick\u00e9 jedl\u00e1. Vyberte si z bohat\u00e9ho v\u00fdberu r\u00f4znych druhov steakov, \u010di grilovan\u00fdch poch\u00fa\u0165ok a medzin\u00e1rodn\u00fdch \u0161pecial\u00edt. Na\u0161a ponuka dok\u00e1\u017ee vyhovie\u0165 t\u00fdm najvyberavej\u0161\u00edm gurm\u00e1nom tie\u017e v\u00fdberom \u0161al\u00e1tov, ako aj vegetari\u00e1nskych pokrmov.<\/p>","protected":false},"author":1,"featured_media":0,"parent":0,"menu_order":0,"comment_status":"closed","ping_status":"closed","template":"","meta":{"footnotes":""},"class_list":["post-308","page","type-page","status-publish","hentry"],"blocksy_meta":[],"yoast_head":"<!-- This site is optimized with the Yoast SEO Premium plugin v24.7 (Yoast SEO v25.3) - https:\/\/yoast.com\/wordpress\/plugins\/seo\/ -->\n<title>A la carte - Rosto<\/title>\n<meta name=\"robots\" content=\"index, follow, max-snippet:-1, max-image-preview:large, max-video-preview:-1\" \/>\n<link rel=\"canonical\" href=\"https:\/\/www.rosto.sk\/en\/a-la-carte\/\" \/>\n<meta property=\"og:locale\" content=\"en_GB\" \/>\n<meta property=\"og:type\" content=\"article\" \/>\n<meta property=\"og:title\" content=\"A la carte\" \/>\n<meta property=\"og:description\" content=\"A la carte Nazrite do pestr\u00e9ho v\u00fdberu jed\u00e1l v na\u0161om jed\u00e1lnom l\u00edstku. Ochutnajte tradi\u010dn\u00e9 i exotick\u00e9 jedl\u00e1. Vyberte si z bohat\u00e9ho v\u00fdberu r\u00f4znych druhov steakov, \u010di grilovan\u00fdch poch\u00fa\u0165ok a medzin\u00e1rodn\u00fdch \u0161pecial\u00edt. Na\u0161a ponuka dok\u00e1\u017ee vyhovie\u0165 t\u00fdm najvyberavej\u0161\u00edm gurm\u00e1nom tie\u017e v\u00fdberom \u0161al\u00e1tov, ako aj vegetari\u00e1nskych pokrmov.\" \/>\n<meta property=\"og:url\" content=\"https:\/\/www.rosto.sk\/en\/a-la-carte\/\" \/>\n<meta property=\"og:site_name\" content=\"Rosto\" \/>\n<meta property=\"article:modified_time\" content=\"2025-04-02T08:44:34+00:00\" \/>\n<meta property=\"og:image\" content=\"https:\/\/www.rosto.sk\/wp-content\/uploads\/2025\/03\/symbol-1.svg\" \/>\n<meta name=\"twitter:card\" content=\"summary_large_image\" \/>\n<meta name=\"twitter:label1\" content=\"Estimated reading time\" \/>\n\t<meta name=\"twitter:data1\" content=\"1 minute\" \/>\n<script type=\"application\/ld+json\" class=\"yoast-schema-graph\">{\"@context\":\"https:\/\/schema.org\",\"@graph\":[{\"@type\":\"WebPage\",\"@id\":\"https:\/\/www.rosto.sk\/a-la-carte\/\",\"url\":\"https:\/\/www.rosto.sk\/a-la-carte\/\",\"name\":\"A la carte - Rosto\",\"isPartOf\":{\"@id\":\"https:\/\/www.rosto.sk\/#website\"},\"primaryImageOfPage\":{\"@id\":\"https:\/\/www.rosto.sk\/a-la-carte\/#primaryimage\"},\"image\":{\"@id\":\"https:\/\/www.rosto.sk\/a-la-carte\/#primaryimage\"},\"thumbnailUrl\":\"https:\/\/www.rosto.sk\/wp-content\/uploads\/2025\/03\/symbol-1.svg\",\"datePublished\":\"2025-03-31T08:54:06+00:00\",\"dateModified\":\"2025-04-02T08:44:34+00:00\",\"breadcrumb\":{\"@id\":\"https:\/\/www.rosto.sk\/a-la-carte\/#breadcrumb\"},\"inLanguage\":\"en-GB\",\"potentialAction\":[{\"@type\":\"ReadAction\",\"target\":[\"https:\/\/www.rosto.sk\/a-la-carte\/\"]}]},{\"@type\":\"ImageObject\",\"inLanguage\":\"en-GB\",\"@id\":\"https:\/\/www.rosto.sk\/a-la-carte\/#primaryimage\",\"url\":\"https:\/\/www.rosto.sk\/wp-content\/uploads\/2025\/03\/symbol-1.svg\",\"contentUrl\":\"https:\/\/www.rosto.sk\/wp-content\/uploads\/2025\/03\/symbol-1.svg\"},{\"@type\":\"BreadcrumbList\",\"@id\":\"https:\/\/www.rosto.sk\/a-la-carte\/#breadcrumb\",\"itemListElement\":[{\"@type\":\"ListItem\",\"position\":1,\"name\":\"Home\",\"item\":\"https:\/\/www.rosto.sk\/\"},{\"@type\":\"ListItem\",\"position\":2,\"name\":\"A la carte\"}]},{\"@type\":\"WebSite\",\"@id\":\"https:\/\/www.rosto.sk\/#website\",\"url\":\"https:\/\/www.rosto.sk\/\",\"name\":\"Rosto\",\"description\":\"\",\"potentialAction\":[{\"@type\":\"SearchAction\",\"target\":{\"@type\":\"EntryPoint\",\"urlTemplate\":\"https:\/\/www.rosto.sk\/?s={search_term_string}\"},\"query-input\":{\"@type\":\"PropertyValueSpecification\",\"valueRequired\":true,\"valueName\":\"search_term_string\"}}],\"inLanguage\":\"en-GB\"}]}<\/script>\n<!-- \/ Yoast SEO Premium plugin. -->","yoast_head_json":{"title":"A la carte - Rosto","robots":{"index":"index","follow":"follow","max-snippet":"max-snippet:-1","max-image-preview":"max-image-preview:large","max-video-preview":"max-video-preview:-1"},"canonical":"https:\/\/www.rosto.sk\/en\/a-la-carte\/","og_locale":"en_GB","og_type":"article","og_title":"A la carte","og_description":"A la carte Nazrite do pestr\u00e9ho v\u00fdberu jed\u00e1l v na\u0161om jed\u00e1lnom l\u00edstku. Ochutnajte tradi\u010dn\u00e9 i exotick\u00e9 jedl\u00e1. Vyberte si z bohat\u00e9ho v\u00fdberu r\u00f4znych druhov steakov, \u010di grilovan\u00fdch poch\u00fa\u0165ok a medzin\u00e1rodn\u00fdch \u0161pecial\u00edt. Na\u0161a ponuka dok\u00e1\u017ee vyhovie\u0165 t\u00fdm najvyberavej\u0161\u00edm gurm\u00e1nom tie\u017e v\u00fdberom \u0161al\u00e1tov, ako aj vegetari\u00e1nskych pokrmov.","og_url":"https:\/\/www.rosto.sk\/en\/a-la-carte\/","og_site_name":"Rosto","article_modified_time":"2025-04-02T08:44:34+00:00","og_image":[{"url":"https:\/\/www.rosto.sk\/wp-content\/uploads\/2025\/03\/symbol-1.svg","type":"","width":"","height":""}],"twitter_card":"summary_large_image","twitter_misc":{"Estimated reading time":"1 minute"},"schema":{"@context":"https:\/\/schema.org","@graph":[{"@type":"WebPage","@id":"https:\/\/www.rosto.sk\/a-la-carte\/","url":"https:\/\/www.rosto.sk\/a-la-carte\/","name":"A la carte - Rosto","isPartOf":{"@id":"https:\/\/www.rosto.sk\/#website"},"primaryImageOfPage":{"@id":"https:\/\/www.rosto.sk\/a-la-carte\/#primaryimage"},"image":{"@id":"https:\/\/www.rosto.sk\/a-la-carte\/#primaryimage"},"thumbnailUrl":"https:\/\/www.rosto.sk\/wp-content\/uploads\/2025\/03\/symbol-1.svg","datePublished":"2025-03-31T08:54:06+00:00","dateModified":"2025-04-02T08:44:34+00:00","breadcrumb":{"@id":"https:\/\/www.rosto.sk\/a-la-carte\/#breadcrumb"},"inLanguage":"en-GB","potentialAction":[{"@type":"ReadAction","target":["https:\/\/www.rosto.sk\/a-la-carte\/"]}]},{"@type":"ImageObject","inLanguage":"en-GB","@id":"https:\/\/www.rosto.sk\/a-la-carte\/#primaryimage","url":"https:\/\/www.rosto.sk\/wp-content\/uploads\/2025\/03\/symbol-1.svg","contentUrl":"https:\/\/www.rosto.sk\/wp-content\/uploads\/2025\/03\/symbol-1.svg"},{"@type":"BreadcrumbList","@id":"https:\/\/www.rosto.sk\/a-la-carte\/#breadcrumb","itemListElement":[{"@type":"ListItem","position":1,"name":"Home","item":"https:\/\/www.rosto.sk\/"},{"@type":"ListItem","position":2,"name":"A la carte"}]},{"@type":"WebSite","@id":"https:\/\/www.rosto.sk\/#website","url":"https:\/\/www.rosto.sk\/","name":"Rosto","description":"","potentialAction":[{"@type":"SearchAction","target":{"@type":"EntryPoint","urlTemplate":"https:\/\/www.rosto.sk\/?s={search_term_string}"},"query-input":{"@type":"PropertyValueSpecification","valueRequired":true,"valueName":"search_term_string"}}],"inLanguage":"en-GB"}]}},"_links":{"self":[{"href":"https:\/\/www.rosto.sk\/en\/wp-json\/wp\/v2\/pages\/308","targetHints":{"allow":["GET"]}}],"collection":[{"href":"https:\/\/www.rosto.sk\/en\/wp-json\/wp\/v2\/pages"}],"about":[{"href":"https:\/\/www.rosto.sk\/en\/wp-json\/wp\/v2\/types\/page"}],"author":[{"embeddable":true,"href":"https:\/\/www.rosto.sk\/en\/wp-json\/wp\/v2\/users\/1"}],"replies":[{"embeddable":true,"href":"https:\/\/www.rosto.sk\/en\/wp-json\/wp\/v2\/comments?post=308"}],"version-history":[{"count":6,"href":"https:\/\/www.rosto.sk\/en\/wp-json\/wp\/v2\/pages\/308\/revisions"}],"predecessor-version":[{"id":1170,"href":"https:\/\/www.rosto.sk\/en\/wp-json\/wp\/v2\/pages\/308\/revisions\/1170"}],"wp:attachment":[{"href":"https:\/\/www.rosto.sk\/en\/wp-json\/wp\/v2\/media?parent=308"}],"curies":[{"name":"wp","href":"https:\/\/api.w.org\/{rel}","templated":true}]}}