{"id":314,"date":"2025-03-31T10:54:37","date_gmt":"2025-03-31T08:54:37","guid":{"rendered":"https:\/\/rosto.pronio.sk\/?page_id=314"},"modified":"2025-04-14T13:04:47","modified_gmt":"2025-04-14T11:04:47","slug":"praca-u-nas","status":"publish","type":"page","link":"https:\/\/www.rosto.sk\/en\/praca-u-nas\/","title":{"rendered":"Work with us"},"content":{"rendered":"<div data-elementor-type=\"wp-page\" data-elementor-id=\"314\" class=\"elementor elementor-314\" data-elementor-post-type=\"page\">\n\t\t\t\t<div data-particle_enable=\"false\" data-particle-mobile-disabled=\"false\" class=\"elementor-element elementor-element-70dc382 e-grid e-con-boxed e-con e-parent\" data-id=\"70dc382\" data-element_type=\"container\">\n\t\t\t\t\t<div class=\"e-con-inner\">\n\t\t<div data-particle_enable=\"false\" data-particle-mobile-disabled=\"false\" class=\"elementor-element elementor-element-56d8129 e-con-full e-flex e-con e-child\" data-id=\"56d8129\" data-element_type=\"container\" data-settings=\"{&quot;background_background&quot;:&quot;classic&quot;}\">\n\t\t<div data-particle_enable=\"false\" data-particle-mobile-disabled=\"false\" class=\"elementor-element elementor-element-edd778c e-con-full e-flex e-con e-child\" data-id=\"edd778c\" data-element_type=\"container\">\n\t\t\t\t<div class=\"elementor-element elementor-element-75ba419 elementor-widget__width-initial elementor-widget elementor-widget-image\" data-id=\"75ba419\" data-element_type=\"widget\" data-widget_type=\"image.default\">\n\t\t\t\t<div class=\"elementor-widget-container\">\n\t\t\t\t\t\t\t\t\t\t\t\t\t\t\t<img decoding=\"async\" width=\"62\" height=\"110\" src=\"https:\/\/www.rosto.sk\/wp-content\/uploads\/2025\/03\/symbol-1.svg\" class=\"attachment-medium size-medium wp-image-191\" alt=\"\" \/>\t\t\t\t\t\t\t\t\t\t\t\t\t\t\t<\/div>\n\t\t\t\t<\/div>\n\t\t\t\t<div class=\"elementor-element elementor-element-ff0c76c elementor-widget elementor-widget-heading\" data-id=\"ff0c76c\" data-element_type=\"widget\" data-widget_type=\"heading.default\">\n\t\t\t\t<div class=\"elementor-widget-container\">\n\t\t\t\t\t<h2 class=\"elementor-heading-title elementor-size-default\">Work with us<\/h2>\t\t\t\t<\/div>\n\t\t\t\t<\/div>\n\t\t\t\t<\/div>\n\t\t\t\t<div class=\"elementor-element elementor-element-f56504f elementor-widget elementor-widget-text-editor\" data-id=\"f56504f\" data-element_type=\"widget\" data-widget_type=\"text-editor.default\">\n\t\t\t\t<div class=\"elementor-widget-container\">\n\t\t\t\t\t\t\t\t\t<p>We are looking for smart people with a desire to work. If you are interested, please leave your CV at our office or contact us at:<\/p>\t\t\t\t\t\t\t\t<\/div>\n\t\t\t\t<\/div>\n\t\t\t\t<\/div>\n\t\t<div data-particle_enable=\"false\" data-particle-mobile-disabled=\"false\" class=\"elementor-element elementor-element-5c1ff1b e-con-full elementor-hidden-mobile praca-obr e-flex e-con e-child\" data-id=\"5c1ff1b\" data-element_type=\"container\" data-settings=\"{&quot;position&quot;:&quot;absolute&quot;,&quot;background_background&quot;:&quot;classic&quot;}\">\n\t\t\t\t<\/div>\n\t\t\t\t\t<\/div>\n\t\t\t\t<\/div>\n\t\t<div data-particle_enable=\"false\" data-particle-mobile-disabled=\"false\" class=\"elementor-element elementor-element-45f2538 e-con-full e-flex e-con e-child\" data-id=\"45f2538\" data-element_type=\"container\" data-settings=\"{&quot;background_background&quot;:&quot;classic&quot;}\">\n\t\t<div data-particle_enable=\"false\" data-particle-mobile-disabled=\"false\" class=\"elementor-element elementor-element-491d42f e-con-full e-flex e-con e-child\" data-id=\"491d42f\" data-element_type=\"container\">\n\t\t<div data-particle_enable=\"false\" data-particle-mobile-disabled=\"false\" class=\"elementor-element elementor-element-2f75a64 e-con-full e-flex e-con e-child\" data-id=\"2f75a64\" data-element_type=\"container\">\n\t\t\t\t<div class=\"elementor-element elementor-element-ef51286 elementor-position-left elementor-vertical-align-middle elementor-mobile-position-left elementor-view-default elementor-widget elementor-widget-icon-box\" data-id=\"ef51286\" data-element_type=\"widget\" data-widget_type=\"icon-box.default\">\n\t\t\t\t<div class=\"elementor-widget-container\">\n\t\t\t\t\t\t\t<div class=\"elementor-icon-box-wrapper\">\n\n\t\t\t\t\t\t<div class=\"elementor-icon-box-icon\">\n\t\t\t\t<a href=\"mailto:manager@rosto.sk\" class=\"elementor-icon\" tabindex=\"-1\" aria-label=\"manager@rosto.sk\">\n\t\t\t\t<svg xmlns=\"http:\/\/www.w3.org\/2000\/svg\" width=\"62.591\" height=\"110.251\" viewbox=\"0 0 62.591 110.251\"><path id=\"Path_7002\" data-name=\"Path 7002\" d=\"M847.8,393.653h22.885V372.494h1.735v42.213h-1.677v.1H831.886c-14.645,0-20.974,3.978-20.974,12.657,0,9.041,6.51,13.018,20.974,13.018h38.856v.049h1.677v42.213h-1.735V461.639H847.8c-22.782,0-37.971-13.56-37.971-33.992,0-20.612,15.189-33.994,37.971-33.994\" transform=\"translate(-809.827 -372.494)\" fill=\"#cf8d57\"><\/path><\/svg>\t\t\t\t<\/a>\n\t\t\t<\/div>\n\t\t\t\n\t\t\t\t\t\t<div class=\"elementor-icon-box-content\">\n\n\t\t\t\t\t\t\t\t\t<h2 class=\"elementor-icon-box-title\">\n\t\t\t\t\t\t<a href=\"mailto:manager@rosto.sk\" >\n\t\t\t\t\t\t\tmanager@rosto.sk\t\t\t\t\t\t<\/a>\n\t\t\t\t\t<\/h2>\n\t\t\t\t\n\t\t\t\t\n\t\t\t<\/div>\n\t\t\t\n\t\t<\/div>\n\t\t\t\t\t\t<\/div>\n\t\t\t\t<\/div>\n\t\t\t\t<div class=\"elementor-element elementor-element-837231f elementor-position-left elementor-vertical-align-middle elementor-mobile-position-left elementor-view-default elementor-widget elementor-widget-icon-box\" data-id=\"837231f\" data-element_type=\"widget\" data-widget_type=\"icon-box.default\">\n\t\t\t\t<div class=\"elementor-widget-container\">\n\t\t\t\t\t\t\t<div class=\"elementor-icon-box-wrapper\">\n\n\t\t\t\t\t\t<div class=\"elementor-icon-box-icon\">\n\t\t\t\t<span  class=\"elementor-icon\">\n\t\t\t\t<svg xmlns=\"http:\/\/www.w3.org\/2000\/svg\" width=\"62.591\" height=\"110.251\" viewbox=\"0 0 62.591 110.251\"><path id=\"Path_7002\" data-name=\"Path 7002\" d=\"M847.8,393.653h22.885V372.494h1.735v42.213h-1.677v.1H831.886c-14.645,0-20.974,3.978-20.974,12.657,0,9.041,6.51,13.018,20.974,13.018h38.856v.049h1.677v42.213h-1.735V461.639H847.8c-22.782,0-37.971-13.56-37.971-33.992,0-20.612,15.189-33.994,37.971-33.994\" transform=\"translate(-809.827 -372.494)\" fill=\"#cf8d57\"><\/path><\/svg>\t\t\t\t<\/span>\n\t\t\t<\/div>\n\t\t\t\n\t\t\t\t\t\t<div class=\"elementor-icon-box-content\">\n\n\t\t\t\t\t\t\t\t\t<h2 class=\"elementor-icon-box-title\">\n\t\t\t\t\t\t<span  >\n\t\t\t\t\t\t\t0918 348 018\t\t\t\t\t\t<\/span>\n\t\t\t\t\t<\/h2>\n\t\t\t\t\n\t\t\t\t\n\t\t\t<\/div>\n\t\t\t\n\t\t<\/div>\n\t\t\t\t\t\t<\/div>\n\t\t\t\t<\/div>\n\t\t\t\t<\/div>\n\t\t\t\t<\/div>\n\t\t\t\t<\/div>\n\t\t<div data-particle_enable=\"false\" data-particle-mobile-disabled=\"false\" class=\"elementor-element elementor-element-e3bfe8c e-grid e-con-boxed e-con e-parent\" data-id=\"e3bfe8c\" data-element_type=\"container\">\n\t\t\t\t\t<div class=\"e-con-inner\">\n\t\t<div data-particle_enable=\"false\" data-particle-mobile-disabled=\"false\" class=\"elementor-element elementor-element-c5161b4 e-con-full e-flex e-con e-child\" data-id=\"c5161b4\" data-element_type=\"container\" data-settings=\"{&quot;background_background&quot;:&quot;classic&quot;}\">\n\t\t\t\t<div class=\"elementor-element elementor-element-62a0bc2 elementor-widget elementor-widget-heading\" data-id=\"62a0bc2\" data-element_type=\"widget\" data-widget_type=\"heading.default\">\n\t\t\t\t<div class=\"elementor-widget-container\">\n\t\t\t\t\t<h2 class=\"elementor-heading-title elementor-size-default\">Current vacancies:<\/h2>\t\t\t\t<\/div>\n\t\t\t\t<\/div>\n\t\t<div data-particle_enable=\"false\" data-particle-mobile-disabled=\"false\" class=\"elementor-element elementor-element-4b183bf e-grid e-con-full e-con e-child\" data-id=\"4b183bf\" data-element_type=\"container\">\n\t\t<div data-particle_enable=\"false\" data-particle-mobile-disabled=\"false\" class=\"elementor-element elementor-element-35cd108 e-con-full e-flex e-con e-child\" data-id=\"35cd108\" data-element_type=\"container\" data-settings=\"{&quot;background_background&quot;:&quot;classic&quot;}\">\n\t\t\t\t<div class=\"elementor-element elementor-element-18d2eac elementor-widget elementor-widget-heading\" data-id=\"18d2eac\" data-element_type=\"widget\" data-widget_type=\"heading.default\">\n\t\t\t\t<div class=\"elementor-widget-container\">\n\t\t\t\t\t<h2 class=\"elementor-heading-title elementor-size-default\">Waiter\/waitress<\/h2>\t\t\t\t<\/div>\n\t\t\t\t<\/div>\n\t\t\t\t<div class=\"elementor-element elementor-element-6824be8 elementor-widget elementor-widget-text-editor\" data-id=\"6824be8\" data-element_type=\"widget\" data-widget_type=\"text-editor.default\">\n\t\t\t\t<div class=\"elementor-widget-container\">\n\t\t\t\t\t\t\t\t\t<p>Possible onboarding: <strong>BY AGREEMENT<\/strong><br \/>Employment type <strong>HPP, AGREEMENT<\/strong><\/p>\t\t\t\t\t\t\t\t<\/div>\n\t\t\t\t<\/div>\n\t\t\t\t<\/div>\n\t\t<div data-particle_enable=\"false\" data-particle-mobile-disabled=\"false\" class=\"elementor-element elementor-element-2d2e5eb e-con-full e-flex e-con e-child\" data-id=\"2d2e5eb\" data-element_type=\"container\" data-settings=\"{&quot;background_background&quot;:&quot;classic&quot;}\">\n\t\t\t\t<div class=\"elementor-element elementor-element-6395c64 elementor-widget elementor-widget-heading\" data-id=\"6395c64\" data-element_type=\"widget\" data-widget_type=\"heading.default\">\n\t\t\t\t<div class=\"elementor-widget-container\">\n\t\t\t\t\t<h2 class=\"elementor-heading-title elementor-size-default\">Cook\/chef<\/h2>\t\t\t\t<\/div>\n\t\t\t\t<\/div>\n\t\t\t\t<div class=\"elementor-element elementor-element-b2389df elementor-widget elementor-widget-text-editor\" data-id=\"b2389df\" data-element_type=\"widget\" data-widget_type=\"text-editor.default\">\n\t\t\t\t<div class=\"elementor-widget-container\">\n\t\t\t\t\t\t\t\t\t<p>Possible onboarding: <strong>BY AGREEMENT<\/strong><br \/>Employment type <strong>HPP, AGREEMENT<\/strong><\/p>\t\t\t\t\t\t\t\t<\/div>\n\t\t\t\t<\/div>\n\t\t\t\t<\/div>\n\t\t\t\t<\/div>\n\t\t\t\t<\/div>\n\t\t\t\t\t<\/div>\n\t\t\t\t<\/div>\n\t\t<div data-particle_enable=\"false\" data-particle-mobile-disabled=\"false\" class=\"elementor-element elementor-element-43bd5df elementor-hidden-desktop elementor-hidden-tablet e-flex e-con-boxed e-con e-parent\" data-id=\"43bd5df\" data-element_type=\"container\" data-settings=\"{&quot;background_background&quot;:&quot;classic&quot;}\">\n\t\t\t\t\t<div class=\"e-con-inner\">\n\t\t\t\t\t<\/div>\n\t\t\t\t<\/div>\n\t\t<div data-particle_enable=\"false\" data-particle-mobile-disabled=\"false\" class=\"elementor-element elementor-element-04d3fdd e-flex e-con-boxed e-con e-parent\" data-id=\"04d3fdd\" data-element_type=\"container\">\n\t\t\t\t\t<div class=\"e-con-inner\">\n\t\t\t\t<div class=\"elementor-element elementor-element-82dc277 elementor-widget__width-initial elementor-absolute elementor-hidden-mobile elementor-widget elementor-widget-image\" data-id=\"82dc277\" data-element_type=\"widget\" data-settings=\"{&quot;_position&quot;:&quot;absolute&quot;}\" data-widget_type=\"image.default\">\n\t\t\t\t<div class=\"elementor-widget-container\">\n\t\t\t\t\t\t\t\t\t\t\t\t\t\t\t<img fetchpriority=\"high\" decoding=\"async\" width=\"943\" height=\"1121\" src=\"https:\/\/www.rosto.sk\/wp-content\/uploads\/2025\/03\/kariera-fotka.jpg\" class=\"attachment-full size-full wp-image-382\" alt=\"\" srcset=\"https:\/\/www.rosto.sk\/wp-content\/uploads\/2025\/03\/kariera-fotka.jpg 943w, https:\/\/www.rosto.sk\/wp-content\/uploads\/2025\/03\/kariera-fotka-600x713.jpg 600w, https:\/\/www.rosto.sk\/wp-content\/uploads\/2025\/03\/kariera-fotka-252x300.jpg 252w, https:\/\/www.rosto.sk\/wp-content\/uploads\/2025\/03\/kariera-fotka-861x1024.jpg 861w, https:\/\/www.rosto.sk\/wp-content\/uploads\/2025\/03\/kariera-fotka-768x913.jpg 768w\" sizes=\"(max-width: 943px) 100vw, 943px\" \/>\t\t\t\t\t\t\t\t\t\t\t\t\t\t\t<\/div>\n\t\t\t\t<\/div>\n\t\t\t\t\t<\/div>\n\t\t\t\t<\/div>\n\t\t\t\t<\/div>","protected":false},"excerpt":{"rendered":"<p>Pr\u00e1ca u n\u00e1s H\u013ead\u00e1me \u0161ikovn\u00fdch \u013eud\u00ed s chu\u0165ou pracova\u0165. V pr\u00edpade z\u00e1ujmu zanechajte na na\u0161ej prev\u00e1dzke \u017eivotopis, alebo n\u00e1s kontaktujte na: manager@rosto.sk 0918 348 018 Aktu\u00e1lne vo\u013en\u00e9 poz\u00edcie: \u010ca\u0161n\u00edk\/serv\u00edrka Mo\u017en\u00fd n\u00e1stup: DOHODOU\u00dav\u00e4zok: HPP, DOHODA Kuch\u00e1r\/\u0161\u00e9fkuch\u00e1r Mo\u017en\u00fd n\u00e1stup: DOHODOU\u00dav\u00e4zok: HPP, DOHODA<\/p>","protected":false},"author":1,"featured_media":0,"parent":0,"menu_order":0,"comment_status":"closed","ping_status":"closed","template":"","meta":{"footnotes":""},"class_list":["post-314","page","type-page","status-publish","hentry"],"blocksy_meta":[],"yoast_head":"<!-- This site is optimized with the Yoast SEO Premium plugin v24.7 (Yoast SEO v25.3) - https:\/\/yoast.com\/wordpress\/plugins\/seo\/ -->\n<title>Pr\u00e1ca u n\u00e1s - Rosto<\/title>\n<meta name=\"robots\" content=\"index, follow, max-snippet:-1, max-image-preview:large, max-video-preview:-1\" \/>\n<link rel=\"canonical\" href=\"https:\/\/www.rosto.sk\/en\/praca-u-nas\/\" \/>\n<meta property=\"og:locale\" content=\"en_GB\" \/>\n<meta property=\"og:type\" content=\"article\" \/>\n<meta property=\"og:title\" content=\"Pr\u00e1ca u n\u00e1s\" \/>\n<meta property=\"og:description\" content=\"Pr\u00e1ca u n\u00e1s H\u013ead\u00e1me \u0161ikovn\u00fdch \u013eud\u00ed s chu\u0165ou pracova\u0165. V pr\u00edpade z\u00e1ujmu zanechajte na na\u0161ej prev\u00e1dzke \u017eivotopis, alebo n\u00e1s kontaktujte na: manager@rosto.sk 0918 348 018 Aktu\u00e1lne vo\u013en\u00e9 poz\u00edcie: \u010ca\u0161n\u00edk\/serv\u00edrka Mo\u017en\u00fd n\u00e1stup: DOHODOU\u00dav\u00e4zok: HPP, DOHODA Kuch\u00e1r\/\u0161\u00e9fkuch\u00e1r Mo\u017en\u00fd n\u00e1stup: DOHODOU\u00dav\u00e4zok: HPP, DOHODA\" \/>\n<meta property=\"og:url\" content=\"https:\/\/www.rosto.sk\/en\/praca-u-nas\/\" \/>\n<meta property=\"og:site_name\" content=\"Rosto\" \/>\n<meta property=\"article:modified_time\" content=\"2025-04-14T11:04:47+00:00\" \/>\n<meta property=\"og:image\" content=\"https:\/\/www.rosto.sk\/wp-content\/uploads\/2025\/03\/symbol-1.svg\" \/>\n<meta name=\"twitter:card\" content=\"summary_large_image\" \/>\n<meta name=\"twitter:label1\" content=\"Estimated reading time\" \/>\n\t<meta name=\"twitter:data1\" content=\"1 minute\" \/>\n<script type=\"application\/ld+json\" class=\"yoast-schema-graph\">{\"@context\":\"https:\/\/schema.org\",\"@graph\":[{\"@type\":\"WebPage\",\"@id\":\"https:\/\/www.rosto.sk\/en\/praca-u-nas\/\",\"url\":\"https:\/\/www.rosto.sk\/en\/praca-u-nas\/\",\"name\":\"Pr\u00e1ca u n\u00e1s - Rosto\",\"isPartOf\":{\"@id\":\"https:\/\/www.rosto.sk\/#website\"},\"primaryImageOfPage\":{\"@id\":\"https:\/\/www.rosto.sk\/en\/praca-u-nas\/#primaryimage\"},\"image\":{\"@id\":\"https:\/\/www.rosto.sk\/en\/praca-u-nas\/#primaryimage\"},\"thumbnailUrl\":\"https:\/\/www.rosto.sk\/wp-content\/uploads\/2025\/03\/symbol-1.svg\",\"datePublished\":\"2025-03-31T08:54:37+00:00\",\"dateModified\":\"2025-04-14T11:04:47+00:00\",\"breadcrumb\":{\"@id\":\"https:\/\/www.rosto.sk\/en\/praca-u-nas\/#breadcrumb\"},\"inLanguage\":\"en-GB\",\"potentialAction\":[{\"@type\":\"ReadAction\",\"target\":[\"https:\/\/www.rosto.sk\/en\/praca-u-nas\/\"]}]},{\"@type\":\"ImageObject\",\"inLanguage\":\"en-GB\",\"@id\":\"https:\/\/www.rosto.sk\/en\/praca-u-nas\/#primaryimage\",\"url\":\"https:\/\/www.rosto.sk\/wp-content\/uploads\/2025\/03\/symbol-1.svg\",\"contentUrl\":\"https:\/\/www.rosto.sk\/wp-content\/uploads\/2025\/03\/symbol-1.svg\"},{\"@type\":\"BreadcrumbList\",\"@id\":\"https:\/\/www.rosto.sk\/en\/praca-u-nas\/#breadcrumb\",\"itemListElement\":[{\"@type\":\"ListItem\",\"position\":1,\"name\":\"Home\",\"item\":\"https:\/\/www.rosto.sk\/\"},{\"@type\":\"ListItem\",\"position\":2,\"name\":\"Pr\u00e1ca u n\u00e1s\"}]},{\"@type\":\"WebSite\",\"@id\":\"https:\/\/www.rosto.sk\/#website\",\"url\":\"https:\/\/www.rosto.sk\/\",\"name\":\"Rosto\",\"description\":\"\",\"potentialAction\":[{\"@type\":\"SearchAction\",\"target\":{\"@type\":\"EntryPoint\",\"urlTemplate\":\"https:\/\/www.rosto.sk\/?s={search_term_string}\"},\"query-input\":{\"@type\":\"PropertyValueSpecification\",\"valueRequired\":true,\"valueName\":\"search_term_string\"}}],\"inLanguage\":\"en-GB\"}]}<\/script>\n<!-- \/ Yoast SEO Premium plugin. -->","yoast_head_json":{"title":"Pr\u00e1ca u n\u00e1s - Rosto","robots":{"index":"index","follow":"follow","max-snippet":"max-snippet:-1","max-image-preview":"max-image-preview:large","max-video-preview":"max-video-preview:-1"},"canonical":"https:\/\/www.rosto.sk\/en\/praca-u-nas\/","og_locale":"en_GB","og_type":"article","og_title":"Pr\u00e1ca u n\u00e1s","og_description":"Pr\u00e1ca u n\u00e1s H\u013ead\u00e1me \u0161ikovn\u00fdch \u013eud\u00ed s chu\u0165ou pracova\u0165. V pr\u00edpade z\u00e1ujmu zanechajte na na\u0161ej prev\u00e1dzke \u017eivotopis, alebo n\u00e1s kontaktujte na: manager@rosto.sk 0918 348 018 Aktu\u00e1lne vo\u013en\u00e9 poz\u00edcie: \u010ca\u0161n\u00edk\/serv\u00edrka Mo\u017en\u00fd n\u00e1stup: DOHODOU\u00dav\u00e4zok: HPP, DOHODA Kuch\u00e1r\/\u0161\u00e9fkuch\u00e1r Mo\u017en\u00fd n\u00e1stup: DOHODOU\u00dav\u00e4zok: HPP, DOHODA","og_url":"https:\/\/www.rosto.sk\/en\/praca-u-nas\/","og_site_name":"Rosto","article_modified_time":"2025-04-14T11:04:47+00:00","og_image":[{"url":"https:\/\/www.rosto.sk\/wp-content\/uploads\/2025\/03\/symbol-1.svg","type":"","width":"","height":""}],"twitter_card":"summary_large_image","twitter_misc":{"Estimated reading time":"1 minute"},"schema":{"@context":"https:\/\/schema.org","@graph":[{"@type":"WebPage","@id":"https:\/\/www.rosto.sk\/en\/praca-u-nas\/","url":"https:\/\/www.rosto.sk\/en\/praca-u-nas\/","name":"Pr\u00e1ca u n\u00e1s - Rosto","isPartOf":{"@id":"https:\/\/www.rosto.sk\/#website"},"primaryImageOfPage":{"@id":"https:\/\/www.rosto.sk\/en\/praca-u-nas\/#primaryimage"},"image":{"@id":"https:\/\/www.rosto.sk\/en\/praca-u-nas\/#primaryimage"},"thumbnailUrl":"https:\/\/www.rosto.sk\/wp-content\/uploads\/2025\/03\/symbol-1.svg","datePublished":"2025-03-31T08:54:37+00:00","dateModified":"2025-04-14T11:04:47+00:00","breadcrumb":{"@id":"https:\/\/www.rosto.sk\/en\/praca-u-nas\/#breadcrumb"},"inLanguage":"en-GB","potentialAction":[{"@type":"ReadAction","target":["https:\/\/www.rosto.sk\/en\/praca-u-nas\/"]}]},{"@type":"ImageObject","inLanguage":"en-GB","@id":"https:\/\/www.rosto.sk\/en\/praca-u-nas\/#primaryimage","url":"https:\/\/www.rosto.sk\/wp-content\/uploads\/2025\/03\/symbol-1.svg","contentUrl":"https:\/\/www.rosto.sk\/wp-content\/uploads\/2025\/03\/symbol-1.svg"},{"@type":"BreadcrumbList","@id":"https:\/\/www.rosto.sk\/en\/praca-u-nas\/#breadcrumb","itemListElement":[{"@type":"ListItem","position":1,"name":"Home","item":"https:\/\/www.rosto.sk\/"},{"@type":"ListItem","position":2,"name":"Pr\u00e1ca u n\u00e1s"}]},{"@type":"WebSite","@id":"https:\/\/www.rosto.sk\/#website","url":"https:\/\/www.rosto.sk\/","name":"Rosto","description":"","potentialAction":[{"@type":"SearchAction","target":{"@type":"EntryPoint","urlTemplate":"https:\/\/www.rosto.sk\/?s={search_term_string}"},"query-input":{"@type":"PropertyValueSpecification","valueRequired":true,"valueName":"search_term_string"}}],"inLanguage":"en-GB"}]}},"_links":{"self":[{"href":"https:\/\/www.rosto.sk\/en\/wp-json\/wp\/v2\/pages\/314","targetHints":{"allow":["GET"]}}],"collection":[{"href":"https:\/\/www.rosto.sk\/en\/wp-json\/wp\/v2\/pages"}],"about":[{"href":"https:\/\/www.rosto.sk\/en\/wp-json\/wp\/v2\/types\/page"}],"author":[{"embeddable":true,"href":"https:\/\/www.rosto.sk\/en\/wp-json\/wp\/v2\/users\/1"}],"replies":[{"embeddable":true,"href":"https:\/\/www.rosto.sk\/en\/wp-json\/wp\/v2\/comments?post=314"}],"version-history":[{"count":336,"href":"https:\/\/www.rosto.sk\/en\/wp-json\/wp\/v2\/pages\/314\/revisions"}],"predecessor-version":[{"id":2089,"href":"https:\/\/www.rosto.sk\/en\/wp-json\/wp\/v2\/pages\/314\/revisions\/2089"}],"wp:attachment":[{"href":"https:\/\/www.rosto.sk\/en\/wp-json\/wp\/v2\/media?parent=314"}],"curies":[{"name":"wp","href":"https:\/\/api.w.org\/{rel}","templated":true}]}}