{"id":320,"date":"2025-03-31T10:55:02","date_gmt":"2025-03-31T08:55:02","guid":{"rendered":"https:\/\/rosto.pronio.sk\/?page_id=320"},"modified":"2025-12-10T13:52:38","modified_gmt":"2025-12-10T12:52:38","slug":"darcekovy-poukaz","status":"publish","type":"page","link":"https:\/\/www.rosto.sk\/en\/darcekovy-poukaz\/","title":{"rendered":"Gift voucher"},"content":{"rendered":"<div data-elementor-type=\"wp-page\" data-elementor-id=\"320\" class=\"elementor elementor-320\" data-elementor-post-type=\"page\">\n\t\t\t\t<div data-particle_enable=\"false\" data-particle-mobile-disabled=\"false\" class=\"elementor-element elementor-element-664e50b e-flex e-con-boxed e-con e-parent\" data-id=\"664e50b\" data-element_type=\"container\">\n\t\t\t\t\t<div class=\"e-con-inner\">\n\t\t<div data-particle_enable=\"false\" data-particle-mobile-disabled=\"false\" class=\"elementor-element elementor-element-3a9f7e3 e-con-full e-flex e-con e-child\" data-id=\"3a9f7e3\" data-element_type=\"container\">\n\t\t<div data-particle_enable=\"false\" data-particle-mobile-disabled=\"false\" class=\"elementor-element elementor-element-803341b e-con-full e-flex e-con e-child\" data-id=\"803341b\" data-element_type=\"container\">\n\t\t\t\t<div class=\"elementor-element elementor-element-ba2d240 elementor-widget__width-initial elementor-widget elementor-widget-image\" data-id=\"ba2d240\" data-element_type=\"widget\" data-widget_type=\"image.default\">\n\t\t\t\t<div class=\"elementor-widget-container\">\n\t\t\t\t\t\t\t\t\t\t\t\t\t\t\t<img decoding=\"async\" width=\"62\" height=\"110\" src=\"https:\/\/www.rosto.sk\/wp-content\/uploads\/2025\/03\/symbol-1.svg\" class=\"attachment-large size-large wp-image-191\" alt=\"\" \/>\t\t\t\t\t\t\t\t\t\t\t\t\t\t\t<\/div>\n\t\t\t\t<\/div>\n\t\t\t\t<div class=\"elementor-element elementor-element-cf64bde elementor-widget-mobile__width-initial elementor-widget elementor-widget-heading\" data-id=\"cf64bde\" data-element_type=\"widget\" data-widget_type=\"heading.default\">\n\t\t\t\t<div class=\"elementor-widget-container\">\n\t\t\t\t\t<h2 class=\"elementor-heading-title elementor-size-default\">Gift voucher<\/h2>\t\t\t\t<\/div>\n\t\t\t\t<\/div>\n\t\t\t\t<\/div>\n\t\t\t\t<div class=\"elementor-element elementor-element-48eb687 elementor-widget elementor-widget-text-editor\" data-id=\"48eb687\" data-element_type=\"widget\" data-widget_type=\"text-editor.default\">\n\t\t\t\t<div class=\"elementor-widget-container\">\n\t\t\t\t\t\t\t\t\t<p>Make your parents, friends or your clients happy and give them this GIFT PACKAGE full of gastronomic experiences in one of the best restaurants as a gift for their birthday, Christmas or any other occasion. The voucher can be sent by cash on delivery or by bank transfer via the form or purchased directly at the ROSTO restaurant. The gift voucher can also be purchased at PENZI\u00d3N BOUTIQUE SLOVAKIA.<\/p>\t\t\t\t\t\t\t\t<\/div>\n\t\t\t\t<\/div>\n\t\t\t\t<\/div>\n\t\t<div data-particle_enable=\"false\" data-particle-mobile-disabled=\"false\" class=\"elementor-element elementor-element-3b0d0b0 e-con-full e-flex e-con e-child\" data-id=\"3b0d0b0\" data-element_type=\"container\" data-settings=\"{&quot;background_background&quot;:&quot;classic&quot;}\">\n\t\t\t\t<div class=\"elementor-element elementor-element-5a2781e elementor-widget elementor-widget-image\" data-id=\"5a2781e\" data-element_type=\"widget\" data-widget_type=\"image.default\">\n\t\t\t\t<div class=\"elementor-widget-container\">\n\t\t\t\t\t\t\t\t\t\t\t\t\t\t\t<img fetchpriority=\"high\" decoding=\"async\" width=\"768\" height=\"1024\" src=\"https:\/\/www.rosto.sk\/wp-content\/uploads\/2025\/05\/rosto-darcekove-poukazky-768x1024.png\" class=\"attachment-large size-large wp-image-2201\" alt=\"\" srcset=\"https:\/\/www.rosto.sk\/wp-content\/uploads\/2025\/05\/rosto-darcekove-poukazky-768x1024.png 768w, https:\/\/www.rosto.sk\/wp-content\/uploads\/2025\/05\/rosto-darcekove-poukazky-225x300.png 225w, https:\/\/www.rosto.sk\/wp-content\/uploads\/2025\/05\/rosto-darcekove-poukazky-1152x1536.png 1152w, https:\/\/www.rosto.sk\/wp-content\/uploads\/2025\/05\/rosto-darcekove-poukazky-9x12.png 9w, https:\/\/www.rosto.sk\/wp-content\/uploads\/2025\/05\/rosto-darcekove-poukazky.png 1165w\" sizes=\"(max-width: 768px) 100vw, 768px\" \/>\t\t\t\t\t\t\t\t\t\t\t\t\t\t\t<\/div>\n\t\t\t\t<\/div>\n\t\t\t\t<div class=\"elementor-element elementor-element-8c4afdb elementor-widget__width-initial elementor-absolute elementor-widget elementor-widget-image\" data-id=\"8c4afdb\" data-element_type=\"widget\" data-settings=\"{&quot;_position&quot;:&quot;absolute&quot;}\" data-widget_type=\"image.default\">\n\t\t\t\t<div class=\"elementor-widget-container\">\n\t\t\t\t\t\t\t\t\t\t\t\t\t\t\t<img decoding=\"async\" width=\"500\" height=\"424\" src=\"https:\/\/www.rosto.sk\/wp-content\/uploads\/2025\/03\/symbol.svg\" class=\"attachment-large size-large wp-image-296\" alt=\"\" \/>\t\t\t\t\t\t\t\t\t\t\t\t\t\t\t<\/div>\n\t\t\t\t<\/div>\n\t\t\t\t<\/div>\n\t\t\t\t\t<\/div>\n\t\t\t\t<\/div>\n\t\t<div data-particle_enable=\"false\" data-particle-mobile-disabled=\"false\" class=\"elementor-element elementor-element-ac17c20 e-flex e-con-boxed e-con e-parent\" data-id=\"ac17c20\" data-element_type=\"container\">\n\t\t\t\t\t<div class=\"e-con-inner\">\n\t\t<div data-particle_enable=\"false\" data-particle-mobile-disabled=\"false\" class=\"elementor-element elementor-element-616bf2b e-con-full e-flex e-con e-child\" data-id=\"616bf2b\" data-element_type=\"container\">\n\t\t\t\t<div class=\"elementor-element elementor-element-5d9fee6 elementor-widget elementor-widget-heading\" data-id=\"5d9fee6\" data-element_type=\"widget\" data-widget_type=\"heading.default\">\n\t\t\t\t<div class=\"elementor-widget-container\">\n\t\t\t\t\t<h2 class=\"elementor-heading-title elementor-size-default\">Fill in the form<\/h2>\t\t\t\t<\/div>\n\t\t\t\t<\/div>\n\t\t\t\t<\/div>\n\t\t<div data-particle_enable=\"false\" data-particle-mobile-disabled=\"false\" class=\"elementor-element elementor-element-95d7513 e-con-full e-flex e-con e-child\" data-id=\"95d7513\" data-element_type=\"container\" data-settings=\"{&quot;background_background&quot;:&quot;classic&quot;}\">\n\t\t\t\t<div class=\"elementor-element elementor-element-b37b38f elementor-widget elementor-widget-text-editor\" data-id=\"b37b38f\" data-element_type=\"widget\" data-widget_type=\"text-editor.default\">\n\t\t\t\t<div class=\"elementor-widget-container\">\n\t\t\t\t\t\t\t\t\t<p>for voucher <strong>nad 100\u20ac nie je u\u010dtovan\u00e9 po\u0161tovn\u00e9<\/strong><\/p>\t\t\t\t\t\t\t\t<\/div>\n\t\t\t\t<\/div>\n\t\t\t\t<div class=\"elementor-element elementor-element-2ed6078 fluent-form-widget-step-header-yes fluent-form-widget-step-progressbar-yes fluentform-widget-submit-button-custom elementor-widget elementor-widget-fluent-form-widget\" data-id=\"2ed6078\" data-element_type=\"widget\" data-widget_type=\"fluent-form-widget.default\">\n\t\t\t\t<div class=\"elementor-widget-container\">\n\t\t\t\t\t\n            <div class=\"fluentform-widget-wrapper fluentform-widget-align-default\">\n\n            \n            <div class='fluentform ff-default fluentform_wrapper_3 ffs_default_wrap'><form data-form_id=\"3\" id=\"fluentform_3\" class=\"frm-fluent-form fluent_form_3 ff-el-form-top ff_form_instance_3_1 ff-form-loading ff_has_v3_recptcha ffs_default\" data-form_instance=\"ff_form_instance_3_1\" method=\"POST\" data-recptcha_key=\"6LcIlVQrAAAAAL956UPU3KB5xwdRo8LcA5BE8xdI\" action=\"\" ><fieldset  style=\"border: none!important;margin: 0!important;padding: 0!important;background-color: transparent!important;box-shadow: none!important;outline: none!important; min-inline-size: 100%;\">\n                    <legend class=\"ff_screen_reader_title\" style=\"display: block; margin: 0!important;padding: 0!important;height: 0!important;text-indent: -999999px;width: 0!important;overflow:hidden;\">Gift voucher<\/legend><input type='hidden' name='__fluent_form_embded_post_id' value='320' \/><input type=\"hidden\" id=\"_fluentform_3_fluentformnonce\" name=\"_fluentform_3_fluentformnonce\" value=\"b203983f5b\" \/><input type=\"hidden\" name=\"_wp_http_referer\" value=\"\/en\/wp-json\/wp\/v2\/pages\/320\" \/><div class='ff-el-group ff-el-form-hide_label'><div class=\"ff-el-input--label ff-el-is-required asterisk-right\"><label for='ff_3_numeric_field' aria-label=\"Voucher value\">Voucher value<\/label><\/div><div class='ff-el-input--content'><input type=\"number\" name=\"numeric_field\" id=\"ff_3_numeric_field\" class=\"ff-el-form-control\" placeholder=\"Voucher value\" data-name=\"numeric_field\" inputmode=\"numeric\" step=\"any\"  aria-invalid=\"false\" aria-required=\"true\"><\/div><\/div><div data-name=\"ff_cn_id_1\"  class='ff-t-container ff-column-container ff_columns_total_2'><div class='ff-t-cell ff-t-column-1' style='flex-basis: 50%;'><div data-type=\"name-element\" data-name=\"names\" class=\"ff-field_container ff-name-field-wrapper\" ><div class='ff-t-container'><div class='ff-t-cell'><div class='ff-el-group  ff-el-form-hide_label'><div class=\"ff-el-input--label ff-el-is-required asterisk-right\"><label for='ff_3_names_first_name_' >Name and surname<\/label><\/div><div class='ff-el-input--content'><input type=\"text\" name=\"names[first_name]\" id=\"ff_3_names_first_name_\" class=\"ff-el-form-control\" placeholder=\"Name and surname\" aria-invalid=\"false\" aria-required=\"true\"><\/div><\/div><\/div><\/div><\/div><\/div><div class='ff-t-cell ff-t-column-2' style='flex-basis: 50%;'><div class='ff-el-group ff-el-form-hide_label'><div class=\"ff-el-input--label ff-el-is-required asterisk-right\"><label for='ff_3_input_text' aria-label=\"Delivery address\">Delivery address<\/label><\/div><div class='ff-el-input--content'><input type=\"text\" name=\"input_text\" class=\"ff-el-form-control\" placeholder=\"Delivery address\" data-name=\"input_text\" id=\"ff_3_input_text\"  aria-invalid=\"false\" aria-required=\"true\"><\/div><\/div><\/div><\/div><div data-name=\"ff_cn_id_2\"  class='ff-t-container ff-column-container ff_columns_total_2'><div class='ff-t-cell ff-t-column-1' style='flex-basis: 50%;'><div class='ff-el-group ff-el-form-hide_label'><div class=\"ff-el-input--label ff-el-is-required asterisk-right\"><label for='ff_3_email' aria-label=\"E-mail\">E-mail<\/label><\/div><div class='ff-el-input--content'><input type=\"email\" name=\"email\" id=\"ff_3_email\" class=\"ff-el-form-control\" placeholder=\"E-mail\" data-name=\"email\"  aria-invalid=\"false\" aria-required=\"true\"><\/div><\/div><\/div><div class='ff-t-cell ff-t-column-2' style='flex-basis: 50%;'><div class='ff-el-group ff-el-form-hide_label'><div class=\"ff-el-input--label ff-el-is-required asterisk-right\"><label for='ff_3_phone' aria-label=\"Phone number\">Phone number<\/label><\/div><div class='ff-el-input--content'><input name=\"phone\" class=\"ff-el-form-control ff-el-phone\" type=\"tel\" placeholder=\"Phone number\" data-name=\"phone\" id=\"ff_3_phone\" inputmode=\"tel\"  aria-invalid='false' aria-required=\"true\"><\/div><\/div><\/div><\/div><div class='ff-el-group    ff-el-input--content'><div class='ff-el-form-check ff-el-tc'><label aria-label='Terms and Conditions: Vlo\u017een\u00edm spr\u00e1vy s\u00fahlas\u00edte s podmienkami ochrany osobn\u00fdch \u00fadajov Contains 1 link. Use tab navigation to review.' class='ff-el-form-check-label ff_tc_label' for=\"terms-n-condition_f612bfb2309b7b11993d34de63b42472\"><span class='ff_tc_checkbox'><input type=\"checkbox\" name=\"terms-n-condition\" class=\"ff-el-form-check-input\" data-name=\"terms-n-condition\" id=\"terms-n-condition_f612bfb2309b7b11993d34de63b42472\"  value='on' aria-invalid='false' aria-required=\"true\"><\/span> <div class='ff_t_c'><p>By submitting a message you agree to the terms and conditions <a href=\"https:\/\/www.rosto.sk\/en\/ochrana-sukromia\/\">ochrany osobn\u00fdch \u00fadajov<\/a><\/p><\/div><\/label><\/div><\/div><div class='ff-el-group ff-text-left ff_submit_btn_wrapper ff_submit_btn_wrapper_custom'><button class=\"ff-btn ff-btn-submit ff-btn-md ff_btn_style wpf_has_custom_css\" type=\"submit\" name=\"custom_submit_button-3_1\" data-name=\"custom_submit_button-3_1\" >Send<\/button><style>form.fluent_form_3 .wpf_has_custom_css.ff-btn-submit { background-color:#1a7efb;border-color:#1a7efb;color:#ffffff;min-width:100%; }form.fluent_form_3 .wpf_has_custom_css.ff-btn-submit:hover { background-color:#ffffff;border-color:#1a7efb;color:#1a7efb;min-width:100%; } <\/style><\/div><\/fieldset><input type=\"hidden\" name=\"trp-form-language\" value=\"en\"\/><\/form><div id='fluentform_3_errors' class='ff-errors-in-stack ff_form_instance_3_1 ff-form-loading_errors ff_form_instance_3_1_errors'><\/div><\/div>        <script type=\"text\/javascript\">\n            window.fluent_form_ff_form_instance_3_1 = {\"id\":\"3\",\"settings\":{\"layout\":{\"labelPlacement\":\"top\",\"helpMessagePlacement\":\"with_label\",\"errorMessagePlacement\":\"inline\",\"cssClassName\":\"\",\"asteriskPlacement\":\"asterisk-right\"},\"restrictions\":{\"denyEmptySubmission\":{\"enabled\":false}}},\"form_instance\":\"ff_form_instance_3_1\",\"form_id_selector\":\"fluentform_3\",\"rules\":{\"numeric_field\":{\"required\":{\"value\":true,\"message\":\"Toto pole je povinn\\u00e9\",\"global_message\":\"Toto pole je povinn\\u00e9\",\"global\":true},\"numeric\":{\"value\":true,\"message\":\"Toto pole mus\\u00ed obsahova\\u0165 \\u010d\\u00edseln\\u00fa hodnotu\",\"global_message\":\"Toto pole mus\\u00ed obsahova\\u0165 \\u010d\\u00edseln\\u00fa hodnotu\",\"global\":true},\"min\":{\"value\":\"\",\"message\":\"Validation fails for minimum value\",\"global_message\":\"Validation fails for minimum value\",\"global\":true},\"max\":{\"value\":\"\",\"message\":\"Validation fails for maximum value\",\"global_message\":\"Validation fails for maximum value\",\"global\":true},\"digits\":{\"value\":\"\",\"message\":\"Validation fails for limited digits\",\"global_message\":\"Validation fails for limited digits\",\"global\":true}},\"names[first_name]\":{\"required\":{\"value\":true,\"message\":\"Toto pole je povinn\\u00e9\",\"global\":true,\"global_message\":\"Toto pole je povinn\\u00e9\"}},\"names[middle_name]\":{\"required\":{\"value\":false,\"message\":\"This field is required\",\"global\":false,\"global_message\":\"Toto pole je povinn\\u00e9\"}},\"names[last_name]\":{\"required\":{\"value\":false,\"message\":\"This field is required\",\"global\":false,\"global_message\":\"Toto pole je povinn\\u00e9\"}},\"input_text\":{\"required\":{\"value\":true,\"message\":\"Toto pole je povinn\\u00e9\",\"global_message\":\"Toto pole je povinn\\u00e9\",\"global\":true}},\"email\":{\"required\":{\"value\":true,\"message\":\"Toto pole je povinn\\u00e9\",\"global\":true,\"global_message\":\"Toto pole je povinn\\u00e9\"},\"email\":{\"value\":true,\"message\":\"Toto pole mus\\u00ed obsahova\\u0165 platn\\u00fd e-mail\",\"global\":true,\"global_message\":\"Toto pole mus\\u00ed obsahova\\u0165 platn\\u00fd e-mail\"}},\"phone\":{\"required\":{\"value\":true,\"global\":true,\"message\":\"Toto pole je povinn\\u00e9\",\"global_message\":\"Toto pole je povinn\\u00e9\"},\"valid_phone_number\":{\"value\":false,\"global\":true,\"message\":\"Telef\\u00f3nne \\u010d\\u00edslo nie je platn\\u00e9\",\"global_message\":\"Telef\\u00f3nne \\u010d\\u00edslo nie je platn\\u00e9\"}},\"g-recaptcha-response\":[],\"terms-n-condition\":{\"required\":{\"value\":true,\"message\":\"Toto pole je povinn\\u00e9\",\"global_message\":\"Toto pole je povinn\\u00e9\",\"global\":true}}},\"debounce_time\":300};\n                    <\/script>\n                    <\/div>\n\n            \t\t\t\t<\/div>\n\t\t\t\t<\/div>\n\t\t\t\t<\/div>\n\t\t\t\t\t<\/div>\n\t\t\t\t<\/div>\n\t\t\t\t<\/div>","protected":false},"excerpt":{"rendered":"<p>Dar\u010dekov\u00e1 pouk\u00e1\u017eka Urobte rados\u0165 svojim rodi\u010dom, priate\u013eom, alebo Va\u0161im klientom a venujte im ako dar\u010der k narodenin\u00e1m, na Vianoce alebo k inej pr\u00edle\u017eitosti t\u00fato DAR\u010cEKOV\u00da POUK\u00c1\u017dKU pln\u00fa gastronomick\u00fdch z\u00e1\u017eitkov v jednej z najlep\u0161\u00edch re\u0161taur\u00e1ci\u00ed. Pouk\u00e1\u017eku je mo\u017en\u00e9 zasla\u0165 na dobierku, alebo prevodom na \u00fa\u010det, a to cez formul\u00e1r, alebo zak\u00fapi\u0165 priamo v re\u0161taur\u00e1cii ROSTO. Dar\u010dekov\u00fa [&hellip;]<\/p>","protected":false},"author":1,"featured_media":0,"parent":0,"menu_order":0,"comment_status":"closed","ping_status":"closed","template":"","meta":{"footnotes":""},"class_list":["post-320","page","type-page","status-publish","hentry"],"blocksy_meta":[],"yoast_head":"<!-- This site is optimized with the Yoast SEO Premium plugin v24.7 (Yoast SEO v25.3) - https:\/\/yoast.com\/wordpress\/plugins\/seo\/ -->\n<title>Dar\u010dekov\u00fd poukaz - Rosto<\/title>\n<meta name=\"robots\" content=\"index, follow, max-snippet:-1, max-image-preview:large, max-video-preview:-1\" \/>\n<link rel=\"canonical\" href=\"https:\/\/www.rosto.sk\/en\/darcekovy-poukaz\/\" \/>\n<meta property=\"og:locale\" content=\"en_GB\" \/>\n<meta property=\"og:type\" content=\"article\" \/>\n<meta property=\"og:title\" content=\"Dar\u010dekov\u00fd poukaz\" \/>\n<meta property=\"og:description\" content=\"Dar\u010dekov\u00e1 pouk\u00e1\u017eka Urobte rados\u0165 svojim rodi\u010dom, priate\u013eom, alebo Va\u0161im klientom a venujte im ako dar\u010der k narodenin\u00e1m, na Vianoce alebo k inej pr\u00edle\u017eitosti t\u00fato DAR\u010cEKOV\u00da POUK\u00c1\u017dKU pln\u00fa gastronomick\u00fdch z\u00e1\u017eitkov v jednej z najlep\u0161\u00edch re\u0161taur\u00e1ci\u00ed. Pouk\u00e1\u017eku je mo\u017en\u00e9 zasla\u0165 na dobierku, alebo prevodom na \u00fa\u010det, a to cez formul\u00e1r, alebo zak\u00fapi\u0165 priamo v re\u0161taur\u00e1cii ROSTO. Dar\u010dekov\u00fa [&hellip;]\" \/>\n<meta property=\"og:url\" content=\"https:\/\/www.rosto.sk\/en\/darcekovy-poukaz\/\" \/>\n<meta property=\"og:site_name\" content=\"Rosto\" \/>\n<meta property=\"article:modified_time\" content=\"2025-12-10T12:52:38+00:00\" \/>\n<meta name=\"twitter:card\" content=\"summary_large_image\" \/>\n<meta name=\"twitter:label1\" content=\"Estimated reading time\" \/>\n\t<meta name=\"twitter:data1\" content=\"2 minutes\" \/>\n<script type=\"application\/ld+json\" class=\"yoast-schema-graph\">{\"@context\":\"https:\/\/schema.org\",\"@graph\":[{\"@type\":\"WebPage\",\"@id\":\"https:\/\/www.rosto.sk\/darcekovy-poukaz\/\",\"url\":\"https:\/\/www.rosto.sk\/darcekovy-poukaz\/\",\"name\":\"Dar\u010dekov\u00fd poukaz - Rosto\",\"isPartOf\":{\"@id\":\"https:\/\/www.rosto.sk\/#website\"},\"primaryImageOfPage\":{\"@id\":\"https:\/\/www.rosto.sk\/darcekovy-poukaz\/#primaryimage\"},\"image\":{\"@id\":\"https:\/\/www.rosto.sk\/darcekovy-poukaz\/#primaryimage\"},\"thumbnailUrl\":\"https:\/\/www.rosto.sk\/wp-content\/uploads\/2025\/03\/symbol-1.svg\",\"datePublished\":\"2025-03-31T08:55:02+00:00\",\"dateModified\":\"2025-12-10T12:52:38+00:00\",\"breadcrumb\":{\"@id\":\"https:\/\/www.rosto.sk\/darcekovy-poukaz\/#breadcrumb\"},\"inLanguage\":\"en-GB\",\"potentialAction\":[{\"@type\":\"ReadAction\",\"target\":[\"https:\/\/www.rosto.sk\/darcekovy-poukaz\/\"]}]},{\"@type\":\"ImageObject\",\"inLanguage\":\"en-GB\",\"@id\":\"https:\/\/www.rosto.sk\/darcekovy-poukaz\/#primaryimage\",\"url\":\"https:\/\/www.rosto.sk\/wp-content\/uploads\/2025\/03\/symbol-1.svg\",\"contentUrl\":\"https:\/\/www.rosto.sk\/wp-content\/uploads\/2025\/03\/symbol-1.svg\"},{\"@type\":\"BreadcrumbList\",\"@id\":\"https:\/\/www.rosto.sk\/darcekovy-poukaz\/#breadcrumb\",\"itemListElement\":[{\"@type\":\"ListItem\",\"position\":1,\"name\":\"Home\",\"item\":\"https:\/\/www.rosto.sk\/\"},{\"@type\":\"ListItem\",\"position\":2,\"name\":\"Dar\u010dekov\u00fd poukaz\"}]},{\"@type\":\"WebSite\",\"@id\":\"https:\/\/www.rosto.sk\/#website\",\"url\":\"https:\/\/www.rosto.sk\/\",\"name\":\"Rosto\",\"description\":\"\",\"potentialAction\":[{\"@type\":\"SearchAction\",\"target\":{\"@type\":\"EntryPoint\",\"urlTemplate\":\"https:\/\/www.rosto.sk\/?s={search_term_string}\"},\"query-input\":{\"@type\":\"PropertyValueSpecification\",\"valueRequired\":true,\"valueName\":\"search_term_string\"}}],\"inLanguage\":\"en-GB\"}]}<\/script>\n<!-- \/ Yoast SEO Premium plugin. -->","yoast_head_json":{"title":"Dar\u010dekov\u00fd poukaz - Rosto","robots":{"index":"index","follow":"follow","max-snippet":"max-snippet:-1","max-image-preview":"max-image-preview:large","max-video-preview":"max-video-preview:-1"},"canonical":"https:\/\/www.rosto.sk\/en\/darcekovy-poukaz\/","og_locale":"en_GB","og_type":"article","og_title":"Dar\u010dekov\u00fd poukaz","og_description":"Dar\u010dekov\u00e1 pouk\u00e1\u017eka Urobte rados\u0165 svojim rodi\u010dom, priate\u013eom, alebo Va\u0161im klientom a venujte im ako dar\u010der k narodenin\u00e1m, na Vianoce alebo k inej pr\u00edle\u017eitosti t\u00fato DAR\u010cEKOV\u00da POUK\u00c1\u017dKU pln\u00fa gastronomick\u00fdch z\u00e1\u017eitkov v jednej z najlep\u0161\u00edch re\u0161taur\u00e1ci\u00ed. Pouk\u00e1\u017eku je mo\u017en\u00e9 zasla\u0165 na dobierku, alebo prevodom na \u00fa\u010det, a to cez formul\u00e1r, alebo zak\u00fapi\u0165 priamo v re\u0161taur\u00e1cii ROSTO. Dar\u010dekov\u00fa [&hellip;]","og_url":"https:\/\/www.rosto.sk\/en\/darcekovy-poukaz\/","og_site_name":"Rosto","article_modified_time":"2025-12-10T12:52:38+00:00","twitter_card":"summary_large_image","twitter_misc":{"Estimated reading time":"2 minutes"},"schema":{"@context":"https:\/\/schema.org","@graph":[{"@type":"WebPage","@id":"https:\/\/www.rosto.sk\/darcekovy-poukaz\/","url":"https:\/\/www.rosto.sk\/darcekovy-poukaz\/","name":"Dar\u010dekov\u00fd poukaz - Rosto","isPartOf":{"@id":"https:\/\/www.rosto.sk\/#website"},"primaryImageOfPage":{"@id":"https:\/\/www.rosto.sk\/darcekovy-poukaz\/#primaryimage"},"image":{"@id":"https:\/\/www.rosto.sk\/darcekovy-poukaz\/#primaryimage"},"thumbnailUrl":"https:\/\/www.rosto.sk\/wp-content\/uploads\/2025\/03\/symbol-1.svg","datePublished":"2025-03-31T08:55:02+00:00","dateModified":"2025-12-10T12:52:38+00:00","breadcrumb":{"@id":"https:\/\/www.rosto.sk\/darcekovy-poukaz\/#breadcrumb"},"inLanguage":"en-GB","potentialAction":[{"@type":"ReadAction","target":["https:\/\/www.rosto.sk\/darcekovy-poukaz\/"]}]},{"@type":"ImageObject","inLanguage":"en-GB","@id":"https:\/\/www.rosto.sk\/darcekovy-poukaz\/#primaryimage","url":"https:\/\/www.rosto.sk\/wp-content\/uploads\/2025\/03\/symbol-1.svg","contentUrl":"https:\/\/www.rosto.sk\/wp-content\/uploads\/2025\/03\/symbol-1.svg"},{"@type":"BreadcrumbList","@id":"https:\/\/www.rosto.sk\/darcekovy-poukaz\/#breadcrumb","itemListElement":[{"@type":"ListItem","position":1,"name":"Home","item":"https:\/\/www.rosto.sk\/"},{"@type":"ListItem","position":2,"name":"Dar\u010dekov\u00fd poukaz"}]},{"@type":"WebSite","@id":"https:\/\/www.rosto.sk\/#website","url":"https:\/\/www.rosto.sk\/","name":"Rosto","description":"","potentialAction":[{"@type":"SearchAction","target":{"@type":"EntryPoint","urlTemplate":"https:\/\/www.rosto.sk\/?s={search_term_string}"},"query-input":{"@type":"PropertyValueSpecification","valueRequired":true,"valueName":"search_term_string"}}],"inLanguage":"en-GB"}]}},"_links":{"self":[{"href":"https:\/\/www.rosto.sk\/en\/wp-json\/wp\/v2\/pages\/320","targetHints":{"allow":["GET"]}}],"collection":[{"href":"https:\/\/www.rosto.sk\/en\/wp-json\/wp\/v2\/pages"}],"about":[{"href":"https:\/\/www.rosto.sk\/en\/wp-json\/wp\/v2\/types\/page"}],"author":[{"embeddable":true,"href":"https:\/\/www.rosto.sk\/en\/wp-json\/wp\/v2\/users\/1"}],"replies":[{"embeddable":true,"href":"https:\/\/www.rosto.sk\/en\/wp-json\/wp\/v2\/comments?post=320"}],"version-history":[{"count":75,"href":"https:\/\/www.rosto.sk\/en\/wp-json\/wp\/v2\/pages\/320\/revisions"}],"predecessor-version":[{"id":2642,"href":"https:\/\/www.rosto.sk\/en\/wp-json\/wp\/v2\/pages\/320\/revisions\/2642"}],"wp:attachment":[{"href":"https:\/\/www.rosto.sk\/en\/wp-json\/wp\/v2\/media?parent=320"}],"curies":[{"name":"wp","href":"https:\/\/api.w.org\/{rel}","templated":true}]}}