{"id":460,"date":"2025-03-31T13:17:35","date_gmt":"2025-03-31T11:17:35","guid":{"rendered":"https:\/\/rosto.pronio.sk\/?page_id=460"},"modified":"2026-04-27T10:19:14","modified_gmt":"2026-04-27T08:19:14","slug":"obedova-ponuka","status":"publish","type":"page","link":"https:\/\/www.rosto.sk\/en\/obedova-ponuka\/","title":{"rendered":"Lunch offer"},"content":{"rendered":"<div data-elementor-type=\"wp-page\" data-elementor-id=\"460\" class=\"elementor elementor-460\" data-elementor-post-type=\"page\">\n\t\t\t\t<div data-particle_enable=\"false\" data-particle-mobile-disabled=\"false\" class=\"elementor-element elementor-element-ad13af7 e-flex e-con-boxed e-con e-parent\" data-id=\"ad13af7\" data-element_type=\"container\">\n\t\t\t\t\t<div class=\"e-con-inner\">\n\t\t<div data-particle_enable=\"false\" data-particle-mobile-disabled=\"false\" class=\"elementor-element elementor-element-24a7d85 e-con-full e-flex e-con e-child\" data-id=\"24a7d85\" data-element_type=\"container\">\n\t\t\t\t<div class=\"elementor-element elementor-element-b63a0a7 elementor-widget elementor-widget-image\" data-id=\"b63a0a7\" data-element_type=\"widget\" data-widget_type=\"image.default\">\n\t\t\t\t<div class=\"elementor-widget-container\">\n\t\t\t\t\t\t\t\t\t\t\t\t\t\t\t<img decoding=\"async\" width=\"62\" height=\"110\" src=\"https:\/\/www.rosto.sk\/wp-content\/uploads\/2025\/03\/symbol-1.svg\" class=\"attachment-large size-large wp-image-191\" alt=\"\" \/>\t\t\t\t\t\t\t\t\t\t\t\t\t\t\t<\/div>\n\t\t\t\t<\/div>\n\t\t\t\t<div class=\"elementor-element elementor-element-d986629 elementor-widget elementor-widget-heading\" data-id=\"d986629\" data-element_type=\"widget\" data-widget_type=\"heading.default\">\n\t\t\t\t<div class=\"elementor-widget-container\">\n\t\t\t\t\t<h2 class=\"elementor-heading-title elementor-size-default\">Lunch offer <\/h2>\t\t\t\t<\/div>\n\t\t\t\t<\/div>\n\t\t\t\t<div class=\"elementor-element elementor-element-c11b135 elementor-widget elementor-widget-image\" data-id=\"c11b135\" data-element_type=\"widget\" data-widget_type=\"image.default\">\n\t\t\t\t<div class=\"elementor-widget-container\">\n\t\t\t\t\t\t\t\t\t\t\t\t\t\t\t<img decoding=\"async\" width=\"62\" height=\"110\" src=\"https:\/\/www.rosto.sk\/wp-content\/uploads\/2025\/03\/symbol-2.svg\" class=\"attachment-large size-large wp-image-192\" alt=\"\" \/>\t\t\t\t\t\t\t\t\t\t\t\t\t\t\t<\/div>\n\t\t\t\t<\/div>\n\t\t\t\t<\/div>\n\t\t<div data-particle_enable=\"false\" data-particle-mobile-disabled=\"false\" class=\"elementor-element elementor-element-8208c73 e-con-full e-flex e-con e-child\" data-id=\"8208c73\" data-element_type=\"container\">\n\t\t\t\t<div class=\"elementor-element elementor-element-9d28ebb elementor-widget elementor-widget-text-editor\" data-id=\"9d28ebb\" data-element_type=\"widget\" data-widget_type=\"text-editor.default\">\n\t\t\t\t<div class=\"elementor-widget-container\">\n\t\t\t\t\t\t\t\t\t<p>At lunchtime, treat yourself to an always fresh and quickly prepared meal that will make your day better and you'll return to work happier and stronger. Our chef creates a weekly LUNCH MENU that you can enjoy all week from 11:00 am - 3:00 pm.<\/p>\t\t\t\t\t\t\t\t<\/div>\n\t\t\t\t<\/div>\n\t\t\t\t<div class=\"elementor-element elementor-element-df04c73 elementor-widget elementor-widget-image\" data-id=\"df04c73\" data-element_type=\"widget\" data-widget_type=\"image.default\">\n\t\t\t\t<div class=\"elementor-widget-container\">\n\t\t\t\t\t\t\t\t\t\t\t\t\t\t\t<img fetchpriority=\"high\" decoding=\"async\" width=\"587\" height=\"1024\" src=\"https:\/\/www.rosto.sk\/wp-content\/uploads\/2026\/04\/2025_LUNCH_WORD_UNIj-_4_-_1_-\u2013-kopia2-587x1024.jpg\" class=\"attachment-large size-large wp-image-2822\" alt=\"\" srcset=\"https:\/\/www.rosto.sk\/wp-content\/uploads\/2026\/04\/2025_LUNCH_WORD_UNIj-_4_-_1_-\u2013-kopia2-587x1024.jpg 587w, https:\/\/www.rosto.sk\/wp-content\/uploads\/2026\/04\/2025_LUNCH_WORD_UNIj-_4_-_1_-\u2013-kopia2-172x300.jpg 172w, https:\/\/www.rosto.sk\/wp-content\/uploads\/2026\/04\/2025_LUNCH_WORD_UNIj-_4_-_1_-\u2013-kopia2-768x1340.jpg 768w, https:\/\/www.rosto.sk\/wp-content\/uploads\/2026\/04\/2025_LUNCH_WORD_UNIj-_4_-_1_-\u2013-kopia2-880x1536.jpg 880w, https:\/\/www.rosto.sk\/wp-content\/uploads\/2026\/04\/2025_LUNCH_WORD_UNIj-_4_-_1_-\u2013-kopia2-1174x2048.jpg 1174w, https:\/\/www.rosto.sk\/wp-content\/uploads\/2026\/04\/2025_LUNCH_WORD_UNIj-_4_-_1_-\u2013-kopia2-7x12.jpg 7w, https:\/\/www.rosto.sk\/wp-content\/uploads\/2026\/04\/2025_LUNCH_WORD_UNIj-_4_-_1_-\u2013-kopia2.jpg 1338w\" sizes=\"(max-width: 587px) 100vw, 587px\" \/>\t\t\t\t\t\t\t\t\t\t\t\t\t\t\t<\/div>\n\t\t\t\t<\/div>\n\t\t\t\t<\/div>\n\t\t\t\t\t<\/div>\n\t\t\t\t<\/div>\n\t\t<div data-particle_enable=\"false\" data-particle-mobile-disabled=\"false\" class=\"elementor-element elementor-element-838d2b3 e-flex e-con-boxed e-con e-parent\" data-id=\"838d2b3\" data-element_type=\"container\">\n\t\t\t\t\t<div class=\"e-con-inner\">\n\t\t<div data-particle_enable=\"false\" data-particle-mobile-disabled=\"false\" class=\"elementor-element elementor-element-aa67860 e-con-full e-flex e-con e-child\" data-id=\"aa67860\" data-element_type=\"container\">\n\t\t\t\t<div class=\"elementor-element elementor-element-64c4909 elementor-widget elementor-widget-image\" data-id=\"64c4909\" data-element_type=\"widget\" data-widget_type=\"image.default\">\n\t\t\t\t<div class=\"elementor-widget-container\">\n\t\t\t\t\t\t\t\t\t\t\t\t\t\t\t<img decoding=\"async\" width=\"62\" height=\"110\" src=\"https:\/\/www.rosto.sk\/wp-content\/uploads\/2025\/03\/symbol-1.svg\" class=\"attachment-large size-large wp-image-191\" alt=\"\" \/>\t\t\t\t\t\t\t\t\t\t\t\t\t\t\t<\/div>\n\t\t\t\t<\/div>\n\t\t\t\t<div class=\"elementor-element elementor-element-7887556 elementor-widget elementor-widget-heading\" data-id=\"7887556\" data-element_type=\"widget\" data-widget_type=\"heading.default\">\n\t\t\t\t<div class=\"elementor-widget-container\">\n\t\t\t\t\t<h2 class=\"elementor-heading-title elementor-size-default\">Photos of dishes<\/h2>\t\t\t\t<\/div>\n\t\t\t\t<\/div>\n\t\t\t\t<div class=\"elementor-element elementor-element-73201ed elementor-widget elementor-widget-image\" data-id=\"73201ed\" data-element_type=\"widget\" data-widget_type=\"image.default\">\n\t\t\t\t<div class=\"elementor-widget-container\">\n\t\t\t\t\t\t\t\t\t\t\t\t\t\t\t<img decoding=\"async\" width=\"62\" height=\"110\" src=\"https:\/\/www.rosto.sk\/wp-content\/uploads\/2025\/03\/symbol-2.svg\" class=\"attachment-large size-large wp-image-192\" alt=\"\" \/>\t\t\t\t\t\t\t\t\t\t\t\t\t\t\t<\/div>\n\t\t\t\t<\/div>\n\t\t\t\t<\/div>\n\t\t<div data-particle_enable=\"false\" data-particle-mobile-disabled=\"false\" class=\"elementor-element elementor-element-b11f237 e-con-full e-flex e-con e-child\" data-id=\"b11f237\" data-element_type=\"container\">\n\t\t\t\t<\/div>\n\t\t\t\t\t<\/div>\n\t\t\t\t<\/div>\n\t\t\t\t<\/div>","protected":false},"excerpt":{"rendered":"<p>Obedov\u00e1 ponuka V \u010dase obeda sa nechajte pozva\u0165 na v\u017edy \u010derstv\u00e9 a r\u00fdchlo pripraven\u00e9 jedlo, ktor\u00e9 v\u00e1m zlep\u0161\u00ed de\u0148 a budete sa vraca\u0165 do pr\u00e1ce spokojnej\u0161\u00ed a pln\u00ed sily. N\u00e1\u0161 \u0161\u00e9fkuch\u00e1r t\u00fd\u017edenne zostavuje OBEDOV\u00c9 MENU, ktor\u00e9 si m\u00f4\u017eete vychutn\u00e1va\u0165 cel\u00fd t\u00fd\u017ede\u0148 v \u010dase od 11:00 \u2013 15:00. Fotografie jed\u00e1l<\/p>","protected":false},"author":1,"featured_media":0,"parent":0,"menu_order":0,"comment_status":"closed","ping_status":"closed","template":"","meta":{"footnotes":""},"class_list":["post-460","page","type-page","status-publish","hentry"],"blocksy_meta":[],"yoast_head":"<!-- This site is optimized with the Yoast SEO Premium plugin v24.7 (Yoast SEO v25.3) - https:\/\/yoast.com\/wordpress\/plugins\/seo\/ -->\n<title>Obedov\u00e1 ponuka - Rosto<\/title>\n<meta name=\"robots\" content=\"index, follow, max-snippet:-1, max-image-preview:large, max-video-preview:-1\" \/>\n<link rel=\"canonical\" href=\"https:\/\/www.rosto.sk\/en\/obedova-ponuka\/\" \/>\n<meta property=\"og:locale\" content=\"en_GB\" \/>\n<meta property=\"og:type\" content=\"article\" \/>\n<meta property=\"og:title\" content=\"Obedov\u00e1 ponuka\" \/>\n<meta property=\"og:description\" content=\"Obedov\u00e1 ponuka V \u010dase obeda sa nechajte pozva\u0165 na v\u017edy \u010derstv\u00e9 a r\u00fdchlo pripraven\u00e9 jedlo, ktor\u00e9 v\u00e1m zlep\u0161\u00ed de\u0148 a budete sa vraca\u0165 do pr\u00e1ce spokojnej\u0161\u00ed a pln\u00ed sily. N\u00e1\u0161 \u0161\u00e9fkuch\u00e1r t\u00fd\u017edenne zostavuje OBEDOV\u00c9 MENU, ktor\u00e9 si m\u00f4\u017eete vychutn\u00e1va\u0165 cel\u00fd t\u00fd\u017ede\u0148 v \u010dase od 11:00 \u2013 15:00. Fotografie jed\u00e1l\" \/>\n<meta property=\"og:url\" content=\"https:\/\/www.rosto.sk\/en\/obedova-ponuka\/\" \/>\n<meta property=\"og:site_name\" content=\"Rosto\" \/>\n<meta property=\"article:modified_time\" content=\"2026-04-27T08:19:14+00:00\" \/>\n<meta name=\"twitter:card\" content=\"summary_large_image\" \/>\n<meta name=\"twitter:label1\" content=\"Estimated reading time\" \/>\n\t<meta name=\"twitter:data1\" content=\"2 minutes\" \/>\n<script type=\"application\/ld+json\" class=\"yoast-schema-graph\">{\"@context\":\"https:\/\/schema.org\",\"@graph\":[{\"@type\":\"WebPage\",\"@id\":\"https:\/\/www.rosto.sk\/obedova-ponuka\/\",\"url\":\"https:\/\/www.rosto.sk\/obedova-ponuka\/\",\"name\":\"Obedov\u00e1 ponuka - Rosto\",\"isPartOf\":{\"@id\":\"https:\/\/www.rosto.sk\/#website\"},\"primaryImageOfPage\":{\"@id\":\"https:\/\/www.rosto.sk\/obedova-ponuka\/#primaryimage\"},\"image\":{\"@id\":\"https:\/\/www.rosto.sk\/obedova-ponuka\/#primaryimage\"},\"thumbnailUrl\":\"https:\/\/www.rosto.sk\/wp-content\/uploads\/2025\/03\/symbol-1.svg\",\"datePublished\":\"2025-03-31T11:17:35+00:00\",\"dateModified\":\"2026-04-27T08:19:14+00:00\",\"breadcrumb\":{\"@id\":\"https:\/\/www.rosto.sk\/obedova-ponuka\/#breadcrumb\"},\"inLanguage\":\"en-GB\",\"potentialAction\":[{\"@type\":\"ReadAction\",\"target\":[\"https:\/\/www.rosto.sk\/obedova-ponuka\/\"]}]},{\"@type\":\"ImageObject\",\"inLanguage\":\"en-GB\",\"@id\":\"https:\/\/www.rosto.sk\/obedova-ponuka\/#primaryimage\",\"url\":\"https:\/\/www.rosto.sk\/wp-content\/uploads\/2025\/03\/symbol-1.svg\",\"contentUrl\":\"https:\/\/www.rosto.sk\/wp-content\/uploads\/2025\/03\/symbol-1.svg\"},{\"@type\":\"BreadcrumbList\",\"@id\":\"https:\/\/www.rosto.sk\/obedova-ponuka\/#breadcrumb\",\"itemListElement\":[{\"@type\":\"ListItem\",\"position\":1,\"name\":\"Home\",\"item\":\"https:\/\/www.rosto.sk\/\"},{\"@type\":\"ListItem\",\"position\":2,\"name\":\"Obedov\u00e1 ponuka\"}]},{\"@type\":\"WebSite\",\"@id\":\"https:\/\/www.rosto.sk\/#website\",\"url\":\"https:\/\/www.rosto.sk\/\",\"name\":\"Rosto\",\"description\":\"\",\"potentialAction\":[{\"@type\":\"SearchAction\",\"target\":{\"@type\":\"EntryPoint\",\"urlTemplate\":\"https:\/\/www.rosto.sk\/?s={search_term_string}\"},\"query-input\":{\"@type\":\"PropertyValueSpecification\",\"valueRequired\":true,\"valueName\":\"search_term_string\"}}],\"inLanguage\":\"en-GB\"}]}<\/script>\n<!-- \/ Yoast SEO Premium plugin. -->","yoast_head_json":{"title":"Obedov\u00e1 ponuka - Rosto","robots":{"index":"index","follow":"follow","max-snippet":"max-snippet:-1","max-image-preview":"max-image-preview:large","max-video-preview":"max-video-preview:-1"},"canonical":"https:\/\/www.rosto.sk\/en\/obedova-ponuka\/","og_locale":"en_GB","og_type":"article","og_title":"Obedov\u00e1 ponuka","og_description":"Obedov\u00e1 ponuka V \u010dase obeda sa nechajte pozva\u0165 na v\u017edy \u010derstv\u00e9 a r\u00fdchlo pripraven\u00e9 jedlo, ktor\u00e9 v\u00e1m zlep\u0161\u00ed de\u0148 a budete sa vraca\u0165 do pr\u00e1ce spokojnej\u0161\u00ed a pln\u00ed sily. N\u00e1\u0161 \u0161\u00e9fkuch\u00e1r t\u00fd\u017edenne zostavuje OBEDOV\u00c9 MENU, ktor\u00e9 si m\u00f4\u017eete vychutn\u00e1va\u0165 cel\u00fd t\u00fd\u017ede\u0148 v \u010dase od 11:00 \u2013 15:00. Fotografie jed\u00e1l","og_url":"https:\/\/www.rosto.sk\/en\/obedova-ponuka\/","og_site_name":"Rosto","article_modified_time":"2026-04-27T08:19:14+00:00","twitter_card":"summary_large_image","twitter_misc":{"Estimated reading time":"2 minutes"},"schema":{"@context":"https:\/\/schema.org","@graph":[{"@type":"WebPage","@id":"https:\/\/www.rosto.sk\/obedova-ponuka\/","url":"https:\/\/www.rosto.sk\/obedova-ponuka\/","name":"Obedov\u00e1 ponuka - Rosto","isPartOf":{"@id":"https:\/\/www.rosto.sk\/#website"},"primaryImageOfPage":{"@id":"https:\/\/www.rosto.sk\/obedova-ponuka\/#primaryimage"},"image":{"@id":"https:\/\/www.rosto.sk\/obedova-ponuka\/#primaryimage"},"thumbnailUrl":"https:\/\/www.rosto.sk\/wp-content\/uploads\/2025\/03\/symbol-1.svg","datePublished":"2025-03-31T11:17:35+00:00","dateModified":"2026-04-27T08:19:14+00:00","breadcrumb":{"@id":"https:\/\/www.rosto.sk\/obedova-ponuka\/#breadcrumb"},"inLanguage":"en-GB","potentialAction":[{"@type":"ReadAction","target":["https:\/\/www.rosto.sk\/obedova-ponuka\/"]}]},{"@type":"ImageObject","inLanguage":"en-GB","@id":"https:\/\/www.rosto.sk\/obedova-ponuka\/#primaryimage","url":"https:\/\/www.rosto.sk\/wp-content\/uploads\/2025\/03\/symbol-1.svg","contentUrl":"https:\/\/www.rosto.sk\/wp-content\/uploads\/2025\/03\/symbol-1.svg"},{"@type":"BreadcrumbList","@id":"https:\/\/www.rosto.sk\/obedova-ponuka\/#breadcrumb","itemListElement":[{"@type":"ListItem","position":1,"name":"Home","item":"https:\/\/www.rosto.sk\/"},{"@type":"ListItem","position":2,"name":"Obedov\u00e1 ponuka"}]},{"@type":"WebSite","@id":"https:\/\/www.rosto.sk\/#website","url":"https:\/\/www.rosto.sk\/","name":"Rosto","description":"","potentialAction":[{"@type":"SearchAction","target":{"@type":"EntryPoint","urlTemplate":"https:\/\/www.rosto.sk\/?s={search_term_string}"},"query-input":{"@type":"PropertyValueSpecification","valueRequired":true,"valueName":"search_term_string"}}],"inLanguage":"en-GB"}]}},"_links":{"self":[{"href":"https:\/\/www.rosto.sk\/en\/wp-json\/wp\/v2\/pages\/460","targetHints":{"allow":["GET"]}}],"collection":[{"href":"https:\/\/www.rosto.sk\/en\/wp-json\/wp\/v2\/pages"}],"about":[{"href":"https:\/\/www.rosto.sk\/en\/wp-json\/wp\/v2\/types\/page"}],"author":[{"embeddable":true,"href":"https:\/\/www.rosto.sk\/en\/wp-json\/wp\/v2\/users\/1"}],"replies":[{"embeddable":true,"href":"https:\/\/www.rosto.sk\/en\/wp-json\/wp\/v2\/comments?post=460"}],"version-history":[{"count":222,"href":"https:\/\/www.rosto.sk\/en\/wp-json\/wp\/v2\/pages\/460\/revisions"}],"predecessor-version":[{"id":2825,"href":"https:\/\/www.rosto.sk\/en\/wp-json\/wp\/v2\/pages\/460\/revisions\/2825"}],"wp:attachment":[{"href":"https:\/\/www.rosto.sk\/en\/wp-json\/wp\/v2\/media?parent=460"}],"curies":[{"name":"wp","href":"https:\/\/api.w.org\/{rel}","templated":true}]}}